{"id":3123,"date":"2025-12-27T19:02:51","date_gmt":"2025-12-27T19:02:51","guid":{"rendered":"https:\/\/de-middel.com\/product\/sac-a-main-escale-bleu\/"},"modified":"2025-12-27T19:02:51","modified_gmt":"2025-12-27T19:02:51","slug":"sac-a-main-escale-bleu","status":"publish","type":"product","link":"https:\/\/de-middel.com\/fr\/produit\/sac-a-main-escale-bleu\/","title":{"rendered":"Sac \u00e0 main Escale bleu"},"content":{"rendered":"<p>Un sac vintage \u00e0 poign\u00e9e sup\u00e9rieure en cuir marine avec un rabat incurv\u00e9 et une poign\u00e9e semi-rigide. Il est dot\u00e9 d&rsquo;un fermoir en m\u00e9tal dor\u00e9 et d&rsquo;un int\u00e9rieur doubl\u00e9 de cuir avec trois compartiments et une pochette pour rouge \u00e0 l\u00e8vres. <\/p>\n","protected":false},"excerpt":{"rendered":"<p>Sac vintage \u00e0 anse sup\u00e9rieure en cuir marine avec un rabat incurv\u00e9 et une anse semi-rigide. Il est dot\u00e9 d&rsquo;un fermoir en m\u00e9tal dor\u00e9 et d&rsquo;un int\u00e9rieur doubl\u00e9 de cuir avec trois compartiments et une pochette pour rouge \u00e0 l\u00e8vres. <\/p>\n","protected":false},"featured_media":1548,"template":"","meta":{"_acf_changed":false},"product_brand":[144],"product_cat":[359,360,437],"product_tag":[],"class_list":{"0":"post-3123","1":"product","2":"type-product","3":"status-publish","4":"has-post-thumbnail","6":"product_brand-hermes","7":"product_cat-mode","8":"product_cat-sacs-et-bagages","9":"product_cat-selles-et-fourreaux","10":"pa_color-bleu","11":"pa_color-noir","13":"first","14":"instock","15":"shipping-taxable","16":"purchasable","17":"product-type-simple"},"acf":[],"aioseo_notices":[],"_links":{"self":[{"href":"https:\/\/de-middel.com\/fr\/wp-json\/wp\/v2\/product\/3123","targetHints":{"allow":["GET"]}}],"collection":[{"href":"https:\/\/de-middel.com\/fr\/wp-json\/wp\/v2\/product"}],"about":[{"href":"https:\/\/de-middel.com\/fr\/wp-json\/wp\/v2\/types\/product"}],"wp:featuredmedia":[{"embeddable":true,"href":"https:\/\/de-middel.com\/fr\/wp-json\/wp\/v2\/media\/1548"}],"wp:attachment":[{"href":"https:\/\/de-middel.com\/fr\/wp-json\/wp\/v2\/media?parent=3123"}],"wp:term":[{"taxonomy":"product_brand","embeddable":true,"href":"https:\/\/de-middel.com\/fr\/wp-json\/wp\/v2\/product_brand?post=3123"},{"taxonomy":"product_cat","embeddable":true,"href":"https:\/\/de-middel.com\/fr\/wp-json\/wp\/v2\/product_cat?post=3123"},{"taxonomy":"product_tag","embeddable":true,"href":"https:\/\/de-middel.com\/fr\/wp-json\/wp\/v2\/product_tag?post=3123"}],"curies":[{"name":"wp","href":"https:\/\/api.w.org\/{rel}","templated":true}]}}