{"id":3138,"date":"2025-12-27T18:57:25","date_gmt":"2025-12-27T18:57:25","guid":{"rendered":"https:\/\/de-middel.com\/product\/sac-en-cuir-marron\/"},"modified":"2025-12-27T18:57:25","modified_gmt":"2025-12-27T18:57:25","slug":"sac-en-cuir-marron","status":"publish","type":"product","link":"https:\/\/de-middel.com\/fr\/produit\/sac-en-cuir-marron\/","title":{"rendered":"sac en cuir marron."},"content":{"rendered":"<p>Un sac structur\u00e9 \u00e0 poign\u00e9e sup\u00e9rieure en cuir marron. L&rsquo;architecture pr\u00e9sente une silhouette nette et rectiligne avec un int\u00e9rieur spacieux et des accents de quincaillerie polis. Con\u00e7u \u00e0 la fois pour la forme et la fonction, ce sac conserve un profil rigide gr\u00e2ce \u00e0 sa construction en cuir \u00e9pais.  <\/p>\n","protected":false},"excerpt":{"rendered":"<p>Un sac structur\u00e9 \u00e0 poign\u00e9e sup\u00e9rieure en cuir marron. L&rsquo;architecture pr\u00e9sente une silhouette nette et rectiligne avec un int\u00e9rieur spacieux et des accents de quincaillerie polis. Con\u00e7u \u00e0 la fois pour la forme et la fonction, ce sac conserve un profil rigide gr\u00e2ce \u00e0 sa construction en cuir \u00e9pais.  <\/p>\n","protected":false},"featured_media":1544,"template":"","meta":{"_acf_changed":false},"product_brand":[300],"product_cat":[359,360,437],"product_tag":[],"class_list":{"0":"post-3138","1":"product","2":"type-product","3":"status-publish","4":"has-post-thumbnail","6":"product_brand-oscar-de-la-renta","7":"product_cat-mode","8":"product_cat-sacs-et-bagages","9":"product_cat-selles-et-fourreaux","10":"pa_color-marron","12":"first","13":"instock","14":"shipping-taxable","15":"purchasable","16":"product-type-simple"},"acf":[],"aioseo_notices":[],"_links":{"self":[{"href":"https:\/\/de-middel.com\/fr\/wp-json\/wp\/v2\/product\/3138","targetHints":{"allow":["GET"]}}],"collection":[{"href":"https:\/\/de-middel.com\/fr\/wp-json\/wp\/v2\/product"}],"about":[{"href":"https:\/\/de-middel.com\/fr\/wp-json\/wp\/v2\/types\/product"}],"wp:featuredmedia":[{"embeddable":true,"href":"https:\/\/de-middel.com\/fr\/wp-json\/wp\/v2\/media\/1544"}],"wp:attachment":[{"href":"https:\/\/de-middel.com\/fr\/wp-json\/wp\/v2\/media?parent=3138"}],"wp:term":[{"taxonomy":"product_brand","embeddable":true,"href":"https:\/\/de-middel.com\/fr\/wp-json\/wp\/v2\/product_brand?post=3138"},{"taxonomy":"product_cat","embeddable":true,"href":"https:\/\/de-middel.com\/fr\/wp-json\/wp\/v2\/product_cat?post=3138"},{"taxonomy":"product_tag","embeddable":true,"href":"https:\/\/de-middel.com\/fr\/wp-json\/wp\/v2\/product_tag?post=3138"}],"curies":[{"name":"wp","href":"https:\/\/api.w.org\/{rel}","templated":true}]}}