{"id":3139,"date":"2025-12-27T18:33:34","date_gmt":"2025-12-27T18:33:34","guid":{"rendered":"https:\/\/de-middel.com\/product\/goyardine-canva-valise\/"},"modified":"2025-12-27T18:33:34","modified_gmt":"2025-12-27T18:33:34","slug":"goyardine-canva-valise","status":"publish","type":"product","link":"https:\/\/de-middel.com\/fr\/produit\/goyardine-canva-valise\/","title":{"rendered":"GOYARDINE CANVA VALISE"},"content":{"rendered":"<p>Valise de voyage grand format en toile de Goyardine peinte \u00e0 la main. L&rsquo;architecture est renforc\u00e9e par des garnitures et des poign\u00e9es en cuir marron, avec un syst\u00e8me de ferrures robustes en laiton. L&rsquo;int\u00e9rieur est con\u00e7u pour un rangement volumineux, refl\u00e9tant l&rsquo;expertise fondamentale de la maison en mati\u00e8re de fabrication de malles.  <\/p>\n","protected":false},"excerpt":{"rendered":"<p>Valise de voyage grand format en toile de Goyardine peinte \u00e0 la main. L&rsquo;architecture est renforc\u00e9e par des garnitures et des poign\u00e9es en cuir marron, avec un syst\u00e8me de ferrures robustes en laiton. L&rsquo;int\u00e9rieur est con\u00e7u pour un rangement volumineux, refl\u00e9tant l&rsquo;expertise fondamentale de la maison en mati\u00e8re de fabrication de malles.  <\/p>\n","protected":false},"featured_media":1530,"template":"","meta":{"_acf_changed":false},"product_brand":[296],"product_cat":[359,360,442],"product_tag":[],"class_list":{"0":"post-3139","1":"product","2":"type-product","3":"status-publish","4":"has-post-thumbnail","6":"product_brand-goyart","7":"product_cat-mode","8":"product_cat-sacs-et-bagages","9":"product_cat-voyages-et-week-ends","10":"pa_color-marron","12":"first","13":"instock","14":"shipping-taxable","15":"purchasable","16":"product-type-simple"},"acf":[],"aioseo_notices":[],"_links":{"self":[{"href":"https:\/\/de-middel.com\/fr\/wp-json\/wp\/v2\/product\/3139","targetHints":{"allow":["GET"]}}],"collection":[{"href":"https:\/\/de-middel.com\/fr\/wp-json\/wp\/v2\/product"}],"about":[{"href":"https:\/\/de-middel.com\/fr\/wp-json\/wp\/v2\/types\/product"}],"wp:featuredmedia":[{"embeddable":true,"href":"https:\/\/de-middel.com\/fr\/wp-json\/wp\/v2\/media\/1530"}],"wp:attachment":[{"href":"https:\/\/de-middel.com\/fr\/wp-json\/wp\/v2\/media?parent=3139"}],"wp:term":[{"taxonomy":"product_brand","embeddable":true,"href":"https:\/\/de-middel.com\/fr\/wp-json\/wp\/v2\/product_brand?post=3139"},{"taxonomy":"product_cat","embeddable":true,"href":"https:\/\/de-middel.com\/fr\/wp-json\/wp\/v2\/product_cat?post=3139"},{"taxonomy":"product_tag","embeddable":true,"href":"https:\/\/de-middel.com\/fr\/wp-json\/wp\/v2\/product_tag?post=3139"}],"curies":[{"name":"wp","href":"https:\/\/api.w.org\/{rel}","templated":true}]}}