{"id":3156,"date":"2025-12-27T18:29:23","date_gmt":"2025-12-27T18:29:23","guid":{"rendered":"https:\/\/de-middel.com\/product\/cardigan-en-cachemire-creme\/"},"modified":"2025-12-27T18:29:23","modified_gmt":"2025-12-27T18:29:23","slug":"cardigan-en-cachemire-creme","status":"publish","type":"product","link":"https:\/\/de-middel.com\/fr\/produit\/cardigan-en-cachemire-creme\/","title":{"rendered":"Cardigan en cachemire cr\u00e8me"},"content":{"rendered":"<p>Ce cardigan en cachemire de couleur cr\u00e8me est orn\u00e9 de d\u00e9licats ornements en imitation de perles sur la bordure et le devant. L&rsquo;architecture est d\u00e9finie par son volume en maille douce et est ferm\u00e9e par les boutons CC en r\u00e9sine signature. \u00c9tiquet\u00e9 en taille 42 et provenant de la collection 2005 de la maison.  <\/p>\n","protected":false},"excerpt":{"rendered":"<p>Ce cardigan en cachemire de couleur cr\u00e8me est orn\u00e9 de d\u00e9licats ornements en imitation de perles sur la bordure et le devant. L&rsquo;architecture est d\u00e9finie par son volume en maille douce et est ferm\u00e9e par les boutons CC en r\u00e9sine signature. \u00c9tiquet\u00e9 en taille 42 et provenant de la collection 2005 de la maison.  <\/p>\n","protected":false},"featured_media":1528,"template":"","meta":{"_acf_changed":false},"product_brand":[147],"product_cat":[444,359,431,445],"product_tag":[],"class_list":{"0":"post-3156","1":"product","2":"type-product","3":"status-publish","4":"has-post-thumbnail","6":"product_brand-chanel","7":"product_cat-chanel-iconics","8":"product_cat-mode","9":"product_cat-pret-a-porter","10":"product_cat-signatures-de-createurs","11":"pa_color-blanc","13":"first","14":"instock","15":"shipping-taxable","16":"purchasable","17":"product-type-simple"},"acf":[],"aioseo_notices":[],"_links":{"self":[{"href":"https:\/\/de-middel.com\/fr\/wp-json\/wp\/v2\/product\/3156","targetHints":{"allow":["GET"]}}],"collection":[{"href":"https:\/\/de-middel.com\/fr\/wp-json\/wp\/v2\/product"}],"about":[{"href":"https:\/\/de-middel.com\/fr\/wp-json\/wp\/v2\/types\/product"}],"wp:featuredmedia":[{"embeddable":true,"href":"https:\/\/de-middel.com\/fr\/wp-json\/wp\/v2\/media\/1528"}],"wp:attachment":[{"href":"https:\/\/de-middel.com\/fr\/wp-json\/wp\/v2\/media?parent=3156"}],"wp:term":[{"taxonomy":"product_brand","embeddable":true,"href":"https:\/\/de-middel.com\/fr\/wp-json\/wp\/v2\/product_brand?post=3156"},{"taxonomy":"product_cat","embeddable":true,"href":"https:\/\/de-middel.com\/fr\/wp-json\/wp\/v2\/product_cat?post=3156"},{"taxonomy":"product_tag","embeddable":true,"href":"https:\/\/de-middel.com\/fr\/wp-json\/wp\/v2\/product_tag?post=3156"}],"curies":[{"name":"wp","href":"https:\/\/api.w.org\/{rel}","templated":true}]}}