{"id":3164,"date":"2025-12-27T18:11:34","date_gmt":"2025-12-27T18:11:34","guid":{"rendered":"https:\/\/de-middel.com\/product\/rare-bracelet-manchette\/"},"modified":"2025-12-27T18:11:34","modified_gmt":"2025-12-27T18:11:34","slug":"rare-bracelet-manchette","status":"publish","type":"product","link":"https:\/\/de-middel.com\/fr\/produit\/rare-bracelet-manchette\/","title":{"rendered":"Rare Bracelet manchette"},"content":{"rendered":"<p>Ce bracelet large et ouvert est orn\u00e9 d&rsquo;un motif floral complexe en relief. R\u00e9alis\u00e9 en m\u00e9tal dor\u00e9 \u00e0 fort relief et \u00e0 la finition lourdement textur\u00e9e, il est orn\u00e9 de multiples perles d&rsquo;imitation ins\u00e9r\u00e9es et d&rsquo;un motif central du logo CC. L&rsquo;architecture de la manchette est d\u00e9finie par son volume substantiel et ses bords organiques festonn\u00e9s.  <\/p>\n","protected":false},"excerpt":{"rendered":"<p>Ce bracelet large et ouvert est orn\u00e9 d&rsquo;un motif floral complexe en relief. R\u00e9alis\u00e9 en m\u00e9tal dor\u00e9 \u00e0 fort relief et \u00e0 la finition lourdement textur\u00e9e, il est orn\u00e9 de multiples perles d&rsquo;imitation ins\u00e9r\u00e9es et d&rsquo;un motif central du logo CC. L&rsquo;architecture de la manchette est d\u00e9finie par son volume substantiel et ses bords organiques festonn\u00e9s.  <\/p>\n","protected":false},"featured_media":1514,"template":"","meta":{"_acf_changed":false},"product_brand":[147],"product_cat":[418,419,359],"product_tag":[],"class_list":{"0":"post-3164","1":"product","2":"type-product","3":"status-publish","4":"has-post-thumbnail","6":"product_brand-chanel","7":"product_cat-bijoux","8":"product_cat-chanel-iconics","9":"product_cat-mode","10":"pa_color-dore","12":"first","13":"instock","14":"shipping-taxable","15":"purchasable","16":"product-type-simple"},"acf":[],"aioseo_notices":[],"_links":{"self":[{"href":"https:\/\/de-middel.com\/fr\/wp-json\/wp\/v2\/product\/3164","targetHints":{"allow":["GET"]}}],"collection":[{"href":"https:\/\/de-middel.com\/fr\/wp-json\/wp\/v2\/product"}],"about":[{"href":"https:\/\/de-middel.com\/fr\/wp-json\/wp\/v2\/types\/product"}],"wp:featuredmedia":[{"embeddable":true,"href":"https:\/\/de-middel.com\/fr\/wp-json\/wp\/v2\/media\/1514"}],"wp:attachment":[{"href":"https:\/\/de-middel.com\/fr\/wp-json\/wp\/v2\/media?parent=3164"}],"wp:term":[{"taxonomy":"product_brand","embeddable":true,"href":"https:\/\/de-middel.com\/fr\/wp-json\/wp\/v2\/product_brand?post=3164"},{"taxonomy":"product_cat","embeddable":true,"href":"https:\/\/de-middel.com\/fr\/wp-json\/wp\/v2\/product_cat?post=3164"},{"taxonomy":"product_tag","embeddable":true,"href":"https:\/\/de-middel.com\/fr\/wp-json\/wp\/v2\/product_tag?post=3164"}],"curies":[{"name":"wp","href":"https:\/\/api.w.org\/{rel}","templated":true}]}}