{"id":3167,"date":"2025-12-27T18:24:50","date_gmt":"2025-12-27T18:24:50","guid":{"rendered":"https:\/\/de-middel.com\/product\/fourre-tout-en-cuir-de-caviar-noir\/"},"modified":"2025-12-27T18:24:50","modified_gmt":"2025-12-27T18:24:50","slug":"fourre-tout-en-cuir-de-caviar-noir","status":"publish","type":"product","link":"https:\/\/de-middel.com\/fr\/produit\/fourre-tout-en-cuir-de-caviar-noir\/","title":{"rendered":"Fourre-tout en cuir de caviar noir."},"content":{"rendered":"<p>Ce sac fourre-tout structur\u00e9 est fabriqu\u00e9 en cuir caviar matelass\u00e9 noir. Il est orn\u00e9 d&rsquo;un grand logo CC emboss\u00e9 sur le devant, de fines poign\u00e9es en cuir roul\u00e9es et d&rsquo;une tirette de fermeture \u00e0 glissi\u00e8re en m\u00e9daillon CC dor\u00e9. L&rsquo;architecture comprend une poche arri\u00e8re plaqu\u00e9e et un int\u00e9rieur doubl\u00e9 de cuir avec deux poches internes.  <\/p>\n","protected":false},"excerpt":{"rendered":"<p>Ce sac fourre-tout structur\u00e9 est fabriqu\u00e9 en cuir caviar matelass\u00e9 noir. Il est orn\u00e9 d&rsquo;un grand logo CC emboss\u00e9 sur le devant, de fines poign\u00e9es en cuir roul\u00e9es et d&rsquo;une tirette de fermeture \u00e0 glissi\u00e8re en m\u00e9daillon CC dor\u00e9. L&rsquo;architecture comprend une poche arri\u00e8re plaqu\u00e9e et un int\u00e9rieur doubl\u00e9 de cuir avec deux poches internes.  <\/p>\n","protected":false},"featured_media":1524,"template":"","meta":{"_acf_changed":false},"product_brand":[147],"product_cat":[359,361,360],"product_tag":[],"class_list":{"0":"post-3167","1":"product","2":"type-product","3":"status-publish","4":"has-post-thumbnail","6":"product_brand-chanel","7":"product_cat-mode","8":"product_cat-sacs-a-main-et-cabas","9":"product_cat-sacs-et-bagages","10":"pa_color-noir","12":"first","13":"instock","14":"shipping-taxable","15":"purchasable","16":"product-type-simple"},"acf":[],"aioseo_notices":[],"_links":{"self":[{"href":"https:\/\/de-middel.com\/fr\/wp-json\/wp\/v2\/product\/3167","targetHints":{"allow":["GET"]}}],"collection":[{"href":"https:\/\/de-middel.com\/fr\/wp-json\/wp\/v2\/product"}],"about":[{"href":"https:\/\/de-middel.com\/fr\/wp-json\/wp\/v2\/types\/product"}],"wp:featuredmedia":[{"embeddable":true,"href":"https:\/\/de-middel.com\/fr\/wp-json\/wp\/v2\/media\/1524"}],"wp:attachment":[{"href":"https:\/\/de-middel.com\/fr\/wp-json\/wp\/v2\/media?parent=3167"}],"wp:term":[{"taxonomy":"product_brand","embeddable":true,"href":"https:\/\/de-middel.com\/fr\/wp-json\/wp\/v2\/product_brand?post=3167"},{"taxonomy":"product_cat","embeddable":true,"href":"https:\/\/de-middel.com\/fr\/wp-json\/wp\/v2\/product_cat?post=3167"},{"taxonomy":"product_tag","embeddable":true,"href":"https:\/\/de-middel.com\/fr\/wp-json\/wp\/v2\/product_tag?post=3167"}],"curies":[{"name":"wp","href":"https:\/\/api.w.org\/{rel}","templated":true}]}}