{"id":3171,"date":"2025-12-27T18:07:35","date_gmt":"2025-12-27T18:07:35","guid":{"rendered":"https:\/\/de-middel.com\/product\/bracelet-a-tete-de-lion-en-forme-de-soleil\/"},"modified":"2025-12-27T18:07:35","modified_gmt":"2025-12-27T18:07:35","slug":"bracelet-a-tete-de-lion-en-forme-de-soleil","status":"publish","type":"product","link":"https:\/\/de-middel.com\/fr\/produit\/bracelet-a-tete-de-lion-en-forme-de-soleil\/","title":{"rendered":"Bracelet \u00e0 t\u00eate de lion en forme de soleil."},"content":{"rendered":"<p>Bracelet vintage \u00e0 plusieurs cha\u00eenes en m\u00e9tal dor\u00e9. Le motif central repr\u00e9sente une t\u00eate de lion dans un disque ensoleill\u00e9, bord\u00e9 d&rsquo;un cadre r\u00e9p\u00e9titif du logo CC. Le bracelet est compos\u00e9 d&rsquo;une cha\u00eene de gros calibre et se ferme \u00e0 l&rsquo;aide d&rsquo;un crochet ou d&rsquo;un anneau.  <\/p>\n","protected":false},"excerpt":{"rendered":"<p>Bracelet vintage \u00e0 plusieurs cha\u00eenes en m\u00e9tal dor\u00e9. Le motif central repr\u00e9sente une t\u00eate de lion dans un disque ensoleill\u00e9, bord\u00e9 d&rsquo;un cadre r\u00e9p\u00e9titif du logo CC. Le bracelet est compos\u00e9 d&rsquo;une cha\u00eene de gros calibre et se ferme \u00e0 l&rsquo;aide d&rsquo;un crochet ou d&rsquo;un anneau.  <\/p>\n","protected":false},"featured_media":1511,"template":"","meta":{"_acf_changed":false},"product_brand":[147],"product_cat":[418,449,419,359],"product_tag":[],"class_list":{"0":"post-3171","1":"product","2":"type-product","3":"status-publish","4":"has-post-thumbnail","6":"product_brand-chanel","7":"product_cat-bijoux","8":"product_cat-bracelets","9":"product_cat-chanel-iconics","10":"product_cat-mode","11":"pa_color-dore","13":"first","14":"instock","15":"shipping-taxable","16":"purchasable","17":"product-type-simple"},"acf":[],"aioseo_notices":[],"_links":{"self":[{"href":"https:\/\/de-middel.com\/fr\/wp-json\/wp\/v2\/product\/3171","targetHints":{"allow":["GET"]}}],"collection":[{"href":"https:\/\/de-middel.com\/fr\/wp-json\/wp\/v2\/product"}],"about":[{"href":"https:\/\/de-middel.com\/fr\/wp-json\/wp\/v2\/types\/product"}],"wp:featuredmedia":[{"embeddable":true,"href":"https:\/\/de-middel.com\/fr\/wp-json\/wp\/v2\/media\/1511"}],"wp:attachment":[{"href":"https:\/\/de-middel.com\/fr\/wp-json\/wp\/v2\/media?parent=3171"}],"wp:term":[{"taxonomy":"product_brand","embeddable":true,"href":"https:\/\/de-middel.com\/fr\/wp-json\/wp\/v2\/product_brand?post=3171"},{"taxonomy":"product_cat","embeddable":true,"href":"https:\/\/de-middel.com\/fr\/wp-json\/wp\/v2\/product_cat?post=3171"},{"taxonomy":"product_tag","embeddable":true,"href":"https:\/\/de-middel.com\/fr\/wp-json\/wp\/v2\/product_tag?post=3171"}],"curies":[{"name":"wp","href":"https:\/\/api.w.org\/{rel}","templated":true}]}}