{"id":3180,"date":"2025-12-27T18:19:41","date_gmt":"2025-12-27T18:19:41","guid":{"rendered":"https:\/\/de-middel.com\/product\/rare-ceinture-pendentif-en-cristal\/"},"modified":"2025-12-27T18:19:41","modified_gmt":"2025-12-27T18:19:41","slug":"rare-ceinture-pendentif-en-cristal","status":"publish","type":"product","link":"https:\/\/de-middel.com\/fr\/produit\/rare-ceinture-pendentif-en-cristal\/","title":{"rendered":"Rare ceinture\/pendentif en cristal."},"content":{"rendered":"<p>Cette ceinture \u00e0 cha\u00eene en m\u00e9tal dor\u00e9 antique tr\u00e8s brillant est dot\u00e9e d&rsquo;un pendentif central avec un motif CC entrelac\u00e9 pav\u00e9 de cristaux de taille brillante. L&rsquo;architecture utilise une cha\u00eene \u00e0 maillons ou \u00e0 c\u00e2ble de gros calibre, termin\u00e9e par un fermoir classique \u00e0 mousqueton et une breloque de suspension rehauss\u00e9e de cristaux. <\/p>\n","protected":false},"excerpt":{"rendered":"<p>Cette ceinture \u00e0 cha\u00eene en m\u00e9tal dor\u00e9 antique tr\u00e8s brillant est dot\u00e9e d&rsquo;un pendentif central avec un motif CC entrelac\u00e9 pav\u00e9 de cristaux de taille brillante. L&rsquo;architecture utilise une cha\u00eene \u00e0 maillons ou \u00e0 c\u00e2ble de gros calibre, termin\u00e9e par un fermoir classique \u00e0 mousqueton et une breloque de suspension rehauss\u00e9e de cristaux. <\/p>\n","protected":false},"featured_media":1520,"template":"","meta":{"_acf_changed":false},"product_brand":[147],"product_cat":[418,359,451],"product_tag":[],"class_list":{"0":"post-3180","1":"product","2":"type-product","3":"status-publish","4":"has-post-thumbnail","6":"product_brand-chanel","7":"product_cat-bijoux","8":"product_cat-mode","9":"product_cat-nos-joyeuses-trouvailles","10":"pa_color-dore","12":"first","13":"instock","14":"shipping-taxable","15":"purchasable","16":"product-type-simple"},"acf":[],"aioseo_notices":[],"_links":{"self":[{"href":"https:\/\/de-middel.com\/fr\/wp-json\/wp\/v2\/product\/3180","targetHints":{"allow":["GET"]}}],"collection":[{"href":"https:\/\/de-middel.com\/fr\/wp-json\/wp\/v2\/product"}],"about":[{"href":"https:\/\/de-middel.com\/fr\/wp-json\/wp\/v2\/types\/product"}],"wp:featuredmedia":[{"embeddable":true,"href":"https:\/\/de-middel.com\/fr\/wp-json\/wp\/v2\/media\/1520"}],"wp:attachment":[{"href":"https:\/\/de-middel.com\/fr\/wp-json\/wp\/v2\/media?parent=3180"}],"wp:term":[{"taxonomy":"product_brand","embeddable":true,"href":"https:\/\/de-middel.com\/fr\/wp-json\/wp\/v2\/product_brand?post=3180"},{"taxonomy":"product_cat","embeddable":true,"href":"https:\/\/de-middel.com\/fr\/wp-json\/wp\/v2\/product_cat?post=3180"},{"taxonomy":"product_tag","embeddable":true,"href":"https:\/\/de-middel.com\/fr\/wp-json\/wp\/v2\/product_tag?post=3180"}],"curies":[{"name":"wp","href":"https:\/\/api.w.org\/{rel}","templated":true}]}}