{"id":3185,"date":"2025-12-27T18:01:49","date_gmt":"2025-12-27T18:01:49","guid":{"rendered":"https:\/\/de-middel.com\/product\/boucles-doreilles-classiques-a-clip\/"},"modified":"2025-12-27T18:01:49","modified_gmt":"2025-12-27T18:01:49","slug":"boucles-doreilles-classiques-a-clip","status":"publish","type":"product","link":"https:\/\/de-middel.com\/fr\/produit\/boucles-doreilles-classiques-a-clip\/","title":{"rendered":"Boucles d&rsquo;oreilles classiques \u00e0 clip"},"content":{"rendered":"<p>Paire de boucles d&rsquo;oreilles vintage Chanel avec le logo CC entrelac\u00e9 dans un cadre circulaire. Le design se distingue par un bord textur\u00e9 \u00ab\u00a0crimp-edge\u00a0\u00bb ou \u00ab\u00a0pie-crust\u00a0\u00bb en m\u00e9tal dor\u00e9 tr\u00e8s brillant. Le m\u00e9canisme d&rsquo;accrochage de la signature et le cachet d&rsquo;authenticit\u00e9 et de date sont appos\u00e9s au verso.  <\/p>\n","protected":false},"excerpt":{"rendered":"<p>Paire de boucles d&rsquo;oreilles vintage Chanel avec le logo CC entrelac\u00e9 dans un cadre circulaire. Le design se distingue par un bord textur\u00e9 \u00ab\u00a0crimp-edge\u00a0\u00bb ou \u00ab\u00a0pie-crust\u00a0\u00bb en m\u00e9tal dor\u00e9 tr\u00e8s brillant. Le m\u00e9canisme d&rsquo;accrochage de la signature et le cachet d&rsquo;authenticit\u00e9 et de date sont appos\u00e9s au verso.  <\/p>\n","protected":false},"featured_media":1508,"template":"","meta":{"_acf_changed":false},"product_brand":[147],"product_cat":[452,419,359],"product_tag":[],"class_list":{"0":"post-3185","1":"product","2":"type-product","3":"status-publish","4":"has-post-thumbnail","6":"product_brand-chanel","7":"product_cat-boucles-doreilles","8":"product_cat-chanel-iconics","9":"product_cat-mode","10":"pa_color-dore","11":"pa_color-jaune","13":"first","14":"instock","15":"shipping-taxable","16":"purchasable","17":"product-type-simple"},"acf":[],"aioseo_notices":[],"_links":{"self":[{"href":"https:\/\/de-middel.com\/fr\/wp-json\/wp\/v2\/product\/3185","targetHints":{"allow":["GET"]}}],"collection":[{"href":"https:\/\/de-middel.com\/fr\/wp-json\/wp\/v2\/product"}],"about":[{"href":"https:\/\/de-middel.com\/fr\/wp-json\/wp\/v2\/types\/product"}],"wp:featuredmedia":[{"embeddable":true,"href":"https:\/\/de-middel.com\/fr\/wp-json\/wp\/v2\/media\/1508"}],"wp:attachment":[{"href":"https:\/\/de-middel.com\/fr\/wp-json\/wp\/v2\/media?parent=3185"}],"wp:term":[{"taxonomy":"product_brand","embeddable":true,"href":"https:\/\/de-middel.com\/fr\/wp-json\/wp\/v2\/product_brand?post=3185"},{"taxonomy":"product_cat","embeddable":true,"href":"https:\/\/de-middel.com\/fr\/wp-json\/wp\/v2\/product_cat?post=3185"},{"taxonomy":"product_tag","embeddable":true,"href":"https:\/\/de-middel.com\/fr\/wp-json\/wp\/v2\/product_tag?post=3185"}],"curies":[{"name":"wp","href":"https:\/\/api.w.org\/{rel}","templated":true}]}}