{"id":3189,"date":"2025-12-27T17:49:33","date_gmt":"2025-12-27T17:49:33","guid":{"rendered":"https:\/\/de-middel.com\/product\/bottines-en-mattelasse\/"},"modified":"2025-12-27T17:49:33","modified_gmt":"2025-12-27T17:49:33","slug":"bottines-en-mattelasse","status":"publish","type":"product","link":"https:\/\/de-middel.com\/fr\/produit\/bottines-en-mattelasse\/","title":{"rendered":"Bottines en mattelass\u00e9"},"content":{"rendered":"<p>Une silhouette de chaussure \u00e0 la hauteur de la cheville avec un talon bloc de 65 mm et une bo\u00eete \u00e0 orteils carr\u00e9e arrondie. L&rsquo;ext\u00e9rieur est en cuir de veau de premi\u00e8re qualit\u00e9, trait\u00e9 avec un motif de points matelass\u00e9s \u00e0 haute densit\u00e9. Les caract\u00e9ristiques comprennent une fermeture \u00e0 glissi\u00e8re lat\u00e9rale ton sur ton et une semelle en cuir renforc\u00e9e.  <\/p>\n","protected":false},"excerpt":{"rendered":"<p>Une silhouette de chaussure \u00e0 la hauteur de la cheville avec un talon bloc de 65 mm et une bo\u00eete \u00e0 orteils carr\u00e9e arrondie. L&rsquo;ext\u00e9rieur est en cuir de veau de premi\u00e8re qualit\u00e9, trait\u00e9 avec un motif de points matelass\u00e9s \u00e0 haute densit\u00e9. Les caract\u00e9ristiques comprennent une fermeture \u00e0 glissi\u00e8re lat\u00e9rale ton sur ton et une semelle en cuir renforc\u00e9e.  <\/p>\n","protected":false},"featured_media":1496,"template":"","meta":{"_acf_changed":false},"product_brand":[147],"product_cat":[454,455,456,359],"product_tag":[],"class_list":{"0":"post-3189","1":"product","2":"type-product","3":"status-publish","4":"has-post-thumbnail","6":"product_brand-chanel","7":"product_cat-chaussures","8":"product_cat-eu-38-uk-5-us-7-5","9":"product_cat-eu-39-uk-5-5-us-8","10":"product_cat-mode","11":"pa_color-marron","13":"first","14":"instock","15":"shipping-taxable","16":"purchasable","17":"product-type-simple"},"acf":[],"aioseo_notices":[],"_links":{"self":[{"href":"https:\/\/de-middel.com\/fr\/wp-json\/wp\/v2\/product\/3189","targetHints":{"allow":["GET"]}}],"collection":[{"href":"https:\/\/de-middel.com\/fr\/wp-json\/wp\/v2\/product"}],"about":[{"href":"https:\/\/de-middel.com\/fr\/wp-json\/wp\/v2\/types\/product"}],"wp:featuredmedia":[{"embeddable":true,"href":"https:\/\/de-middel.com\/fr\/wp-json\/wp\/v2\/media\/1496"}],"wp:attachment":[{"href":"https:\/\/de-middel.com\/fr\/wp-json\/wp\/v2\/media?parent=3189"}],"wp:term":[{"taxonomy":"product_brand","embeddable":true,"href":"https:\/\/de-middel.com\/fr\/wp-json\/wp\/v2\/product_brand?post=3189"},{"taxonomy":"product_cat","embeddable":true,"href":"https:\/\/de-middel.com\/fr\/wp-json\/wp\/v2\/product_cat?post=3189"},{"taxonomy":"product_tag","embeddable":true,"href":"https:\/\/de-middel.com\/fr\/wp-json\/wp\/v2\/product_tag?post=3189"}],"curies":[{"name":"wp","href":"https:\/\/api.w.org\/{rel}","templated":true}]}}