{"id":3195,"date":"2025-12-27T17:57:29","date_gmt":"2025-12-27T17:57:29","guid":{"rendered":"https:\/\/de-middel.com\/product\/sepia-brown-medium-c-shoulder-bag\/"},"modified":"2025-12-27T17:57:29","modified_gmt":"2025-12-27T17:57:29","slug":"sepia-brown-medium-c-shoulder-bag","status":"publish","type":"product","link":"https:\/\/de-middel.com\/fr\/produit\/sepia-brown-medium-c-shoulder-bag\/","title":{"rendered":"Sepia Brown Medium C Shoulder Bag"},"content":{"rendered":"<p>Ce sac \u00e0 bandouli\u00e8re structur\u00e9 est fabriqu\u00e9 en cuir de veau lisse brun s\u00e9pia, avec une bordure en daim contrastante sous le rabat. Le point central est la signature \u00a0\u00bb C \u00a0\u00bb audacieuse en ton or. Le sac est dot\u00e9 d&rsquo;une poign\u00e9e courte en cuir, d&rsquo;une longue bandouli\u00e8re amovible et de ferrures mixtes dor\u00e9es et argent\u00e9es. L&rsquo;int\u00e9rieur est doubl\u00e9 en toile ton sur ton et comporte une poche plate d\u00e9di\u00e9e.   <\/p>\n","protected":false},"excerpt":{"rendered":"<p>Ce sac \u00e0 bandouli\u00e8re structur\u00e9 est fabriqu\u00e9 en cuir de veau lisse brun s\u00e9pia, avec une bordure en daim contrastante sous le rabat. Le point central est la signature \u00a0\u00bb C \u00a0\u00bb audacieuse en ton or. Le sac est dot\u00e9 d&rsquo;une poign\u00e9e courte en cuir, d&rsquo;une longue bandouli\u00e8re amovible et de ferrures mixtes dor\u00e9es et argent\u00e9es. L&rsquo;int\u00e9rieur est doubl\u00e9 en toile ton sur ton et comporte une poche plate d\u00e9di\u00e9e.   <\/p>\n","protected":false},"featured_media":1504,"template":"","meta":{"_acf_changed":false},"product_brand":[291],"product_cat":[359,361,360],"product_tag":[],"class_list":{"0":"post-3195","1":"product","2":"type-product","3":"status-publish","4":"has-post-thumbnail","6":"product_brand-chloe","7":"product_cat-mode","8":"product_cat-sacs-a-main-et-cabas","9":"product_cat-sacs-et-bagages","10":"pa_color-rouge","12":"first","13":"instock","14":"shipping-taxable","15":"purchasable","16":"product-type-simple"},"acf":[],"aioseo_notices":[],"_links":{"self":[{"href":"https:\/\/de-middel.com\/fr\/wp-json\/wp\/v2\/product\/3195","targetHints":{"allow":["GET"]}}],"collection":[{"href":"https:\/\/de-middel.com\/fr\/wp-json\/wp\/v2\/product"}],"about":[{"href":"https:\/\/de-middel.com\/fr\/wp-json\/wp\/v2\/types\/product"}],"wp:featuredmedia":[{"embeddable":true,"href":"https:\/\/de-middel.com\/fr\/wp-json\/wp\/v2\/media\/1504"}],"wp:attachment":[{"href":"https:\/\/de-middel.com\/fr\/wp-json\/wp\/v2\/media?parent=3195"}],"wp:term":[{"taxonomy":"product_brand","embeddable":true,"href":"https:\/\/de-middel.com\/fr\/wp-json\/wp\/v2\/product_brand?post=3195"},{"taxonomy":"product_cat","embeddable":true,"href":"https:\/\/de-middel.com\/fr\/wp-json\/wp\/v2\/product_cat?post=3195"},{"taxonomy":"product_tag","embeddable":true,"href":"https:\/\/de-middel.com\/fr\/wp-json\/wp\/v2\/product_tag?post=3195"}],"curies":[{"name":"wp","href":"https:\/\/api.w.org\/{rel}","templated":true}]}}