{"id":3204,"date":"2025-12-27T17:44:48","date_gmt":"2025-12-27T17:44:48","guid":{"rendered":"https:\/\/de-middel.com\/product\/chanel-veste-en-cuir-froisse-indigo\/"},"modified":"2025-12-27T17:44:48","modified_gmt":"2025-12-27T17:44:48","slug":"chanel-veste-en-cuir-froisse-indigo","status":"publish","type":"product","link":"https:\/\/de-middel.com\/fr\/produit\/chanel-veste-en-cuir-froisse-indigo\/","title":{"rendered":"Chanel &#8211; Veste en cuir froiss\u00e9 indigo"},"content":{"rendered":"<p>Cette veste contemporaine de Chanel est fabriqu\u00e9e en cuir teint\u00e9 indigo fonc\u00e9, avec une finition d\u00e9lib\u00e9r\u00e9ment froiss\u00e9e. Elle est dot\u00e9e d&rsquo;un col structur\u00e9, de ferrures argent\u00e9es et du logo de la marque. La surface tactile donne un aspect mat et industriel \u00e0 la silhouette classique de la maison, avec une coupe ajust\u00e9e et une doublure en soie m\u00e9lang\u00e9e de premi\u00e8re qualit\u00e9.  <\/p>\n","protected":false},"excerpt":{"rendered":"<p>Cette veste contemporaine de Chanel est fabriqu\u00e9e en cuir teint\u00e9 indigo fonc\u00e9, avec une finition d\u00e9lib\u00e9r\u00e9ment froiss\u00e9e. Elle est dot\u00e9e d&rsquo;un col structur\u00e9, de ferrures argent\u00e9es et du logo de la marque. La surface tactile donne un aspect mat et industriel \u00e0 la silhouette classique de la maison, avec une coupe ajust\u00e9e et une doublure en soie m\u00e9lang\u00e9e de premi\u00e8re qualit\u00e9.  <\/p>\n","protected":false},"featured_media":1492,"template":"","meta":{"_acf_changed":false},"product_brand":[147],"product_cat":[359,431,432],"product_tag":[],"class_list":{"0":"post-3204","1":"product","2":"type-product","3":"status-publish","4":"has-post-thumbnail","6":"product_brand-chanel","7":"product_cat-mode","8":"product_cat-pret-a-porter","9":"product_cat-vetements-dexterieur-et-vestes","10":"pa_color-noir","12":"first","13":"instock","14":"shipping-taxable","15":"purchasable","16":"product-type-simple"},"acf":[],"aioseo_notices":[],"_links":{"self":[{"href":"https:\/\/de-middel.com\/fr\/wp-json\/wp\/v2\/product\/3204","targetHints":{"allow":["GET"]}}],"collection":[{"href":"https:\/\/de-middel.com\/fr\/wp-json\/wp\/v2\/product"}],"about":[{"href":"https:\/\/de-middel.com\/fr\/wp-json\/wp\/v2\/types\/product"}],"wp:featuredmedia":[{"embeddable":true,"href":"https:\/\/de-middel.com\/fr\/wp-json\/wp\/v2\/media\/1492"}],"wp:attachment":[{"href":"https:\/\/de-middel.com\/fr\/wp-json\/wp\/v2\/media?parent=3204"}],"wp:term":[{"taxonomy":"product_brand","embeddable":true,"href":"https:\/\/de-middel.com\/fr\/wp-json\/wp\/v2\/product_brand?post=3204"},{"taxonomy":"product_cat","embeddable":true,"href":"https:\/\/de-middel.com\/fr\/wp-json\/wp\/v2\/product_cat?post=3204"},{"taxonomy":"product_tag","embeddable":true,"href":"https:\/\/de-middel.com\/fr\/wp-json\/wp\/v2\/product_tag?post=3204"}],"curies":[{"name":"wp","href":"https:\/\/api.w.org\/{rel}","templated":true}]}}