{"id":3208,"date":"2025-12-27T17:53:54","date_gmt":"2025-12-27T17:53:54","guid":{"rendered":"https:\/\/de-middel.com\/product\/chanel-beige-cc-platform-shoe\/"},"modified":"2025-12-27T17:53:54","modified_gmt":"2025-12-27T17:53:54","slug":"chanel-beige-cc-platform-shoe","status":"publish","type":"product","link":"https:\/\/de-middel.com\/fr\/produit\/chanel-beige-cc-platform-shoe\/","title":{"rendered":"Chanel Beige CC Platform Shoe"},"content":{"rendered":"<p>Une bottine Chanel raffin\u00e9e en cuir taupe avec le matelassage signature. Elle est dot\u00e9e d&rsquo;un bout arrondi, d&rsquo;un talon bloc stable et d&rsquo;une fermeture zipp\u00e9e sur le c\u00f4t\u00e9. <\/p>\n","protected":false},"excerpt":{"rendered":"<p>Une bottine Chanel raffin\u00e9e en cuir taupe avec le matelassage signature. Elle est dot\u00e9e d&rsquo;un bout arrondi, d&rsquo;un talon bloc stable et d&rsquo;une fermeture zipp\u00e9e sur le c\u00f4t\u00e9. <\/p>\n","protected":false},"featured_media":1500,"template":"","meta":{"_acf_changed":false},"product_brand":[147],"product_cat":[454,455,359],"product_tag":[],"class_list":{"0":"post-3208","1":"product","2":"type-product","3":"status-publish","4":"has-post-thumbnail","6":"product_brand-chanel","7":"product_cat-chaussures","8":"product_cat-eu-38-uk-5-us-7-5","9":"product_cat-mode","10":"pa_color-marron","12":"first","13":"instock","14":"shipping-taxable","15":"purchasable","16":"product-type-simple"},"acf":[],"aioseo_notices":[],"_links":{"self":[{"href":"https:\/\/de-middel.com\/fr\/wp-json\/wp\/v2\/product\/3208","targetHints":{"allow":["GET"]}}],"collection":[{"href":"https:\/\/de-middel.com\/fr\/wp-json\/wp\/v2\/product"}],"about":[{"href":"https:\/\/de-middel.com\/fr\/wp-json\/wp\/v2\/types\/product"}],"wp:featuredmedia":[{"embeddable":true,"href":"https:\/\/de-middel.com\/fr\/wp-json\/wp\/v2\/media\/1500"}],"wp:attachment":[{"href":"https:\/\/de-middel.com\/fr\/wp-json\/wp\/v2\/media?parent=3208"}],"wp:term":[{"taxonomy":"product_brand","embeddable":true,"href":"https:\/\/de-middel.com\/fr\/wp-json\/wp\/v2\/product_brand?post=3208"},{"taxonomy":"product_cat","embeddable":true,"href":"https:\/\/de-middel.com\/fr\/wp-json\/wp\/v2\/product_cat?post=3208"},{"taxonomy":"product_tag","embeddable":true,"href":"https:\/\/de-middel.com\/fr\/wp-json\/wp\/v2\/product_tag?post=3208"}],"curies":[{"name":"wp","href":"https:\/\/api.w.org\/{rel}","templated":true}]}}