{"id":3256,"date":"2025-12-19T13:45:00","date_gmt":"2025-12-19T13:45:00","guid":{"rendered":"https:\/\/de-middel.com\/product\/set-de-voyage-vintage-3-pieces\/"},"modified":"2025-12-19T13:45:00","modified_gmt":"2025-12-19T13:45:00","slug":"set-de-voyage-vintage-3-pieces","status":"publish","type":"product","link":"https:\/\/de-middel.com\/fr\/produit\/set-de-voyage-vintage-3-pieces\/","title":{"rendered":"Set de voyage vintage 3 pi\u00e8ces"},"content":{"rendered":"<p>Ensemble de voyage vintage 3 pi\u00e8ces de Christian Dior, datant des ann\u00e9es 1970\/80. L&rsquo;ensemble se compose d&rsquo;une valise, d&rsquo;un sac de voyage et d&rsquo;un sac \u00e0 v\u00eatements. Toutes les pi\u00e8ces sont fabriqu\u00e9es \u00e0 partir du textile portant le logo Dior, avec des bordures marron fonc\u00e9 et une quincaillerie dor\u00e9e, avec un lettrage Dior continu.  <\/p>\n","protected":false},"excerpt":{"rendered":"<p>Ensemble de voyage vintage 3 pi\u00e8ces de Christian Dior, datant des ann\u00e9es 1970\/80. L&rsquo;ensemble se compose d&rsquo;une valise, d&rsquo;un sac de voyage et d&rsquo;un sac \u00e0 v\u00eatements. Toutes les pi\u00e8ces sont fabriqu\u00e9es \u00e0 partir du textile portant le logo Dior, avec des bordures marron fonc\u00e9 et une quincaillerie dor\u00e9e, avec un lettrage Dior continu.  <\/p>\n","protected":false},"featured_media":681,"template":"","meta":{"_acf_changed":false},"product_brand":[149],"product_cat":[359,360,442],"product_tag":[],"class_list":{"0":"post-3256","1":"product","2":"type-product","3":"status-publish","4":"has-post-thumbnail","6":"product_brand-christian-dior","7":"product_cat-mode","8":"product_cat-sacs-et-bagages","9":"product_cat-voyages-et-week-ends","10":"pa_collection-mode","11":"pa_color-marron","13":"first","14":"instock","15":"shipping-taxable","16":"purchasable","17":"product-type-simple"},"acf":[],"aioseo_notices":[],"_links":{"self":[{"href":"https:\/\/de-middel.com\/fr\/wp-json\/wp\/v2\/product\/3256","targetHints":{"allow":["GET"]}}],"collection":[{"href":"https:\/\/de-middel.com\/fr\/wp-json\/wp\/v2\/product"}],"about":[{"href":"https:\/\/de-middel.com\/fr\/wp-json\/wp\/v2\/types\/product"}],"wp:featuredmedia":[{"embeddable":true,"href":"https:\/\/de-middel.com\/fr\/wp-json\/wp\/v2\/media\/681"}],"wp:attachment":[{"href":"https:\/\/de-middel.com\/fr\/wp-json\/wp\/v2\/media?parent=3256"}],"wp:term":[{"taxonomy":"product_brand","embeddable":true,"href":"https:\/\/de-middel.com\/fr\/wp-json\/wp\/v2\/product_brand?post=3256"},{"taxonomy":"product_cat","embeddable":true,"href":"https:\/\/de-middel.com\/fr\/wp-json\/wp\/v2\/product_cat?post=3256"},{"taxonomy":"product_tag","embeddable":true,"href":"https:\/\/de-middel.com\/fr\/wp-json\/wp\/v2\/product_tag?post=3256"}],"curies":[{"name":"wp","href":"https:\/\/api.w.org\/{rel}","templated":true}]}}