{"id":3260,"date":"2025-12-19T13:48:27","date_gmt":"2025-12-19T13:48:27","guid":{"rendered":"https:\/\/de-middel.com\/product\/valise-bourget\/"},"modified":"2026-01-16T07:22:33","modified_gmt":"2026-01-16T07:22:33","slug":"valise-bourget","status":"publish","type":"product","link":"https:\/\/de-middel.com\/fr\/produit\/valise-bourget\/","title":{"rendered":"Valise &lsquo;Bourget"},"content":{"rendered":"<p>La valise &lsquo;Bourget&rsquo; de Goyard allie le design classique d&rsquo;une malle \u00e0 une fonctionnalit\u00e9 moderne. Fabriqu\u00e9e en toile Goyardine et en cuir de vachette Clamecy, elle est orn\u00e9e de bijoux en palladium (2 fermoirs de coffre et une sangle verrouillable), de compartiments de s\u00e9curit\u00e9 internes, de sangles de maintien \u00e9lastiques et d&rsquo;une doublure en coton jaune. Con\u00e7ue pour les voyages exigeants, elle comprend des poign\u00e9es de transport en cuir, une poign\u00e9e t\u00e9lescopique en aluminium, des coins en cuir de type malle et des roues rotatives \u00e0 360 degr\u00e9s.  <\/p>\n","protected":false},"excerpt":{"rendered":"<p>La valise &lsquo;Bourget&rsquo; de Goyard allie le design classique d&rsquo;une malle \u00e0 une fonctionnalit\u00e9 moderne. Fabriqu\u00e9e en toile Goyardine et en cuir de vachette Clamecy, elle est orn\u00e9e de bijoux en palladium (2 fermoirs de coffre et une sangle verrouillable), de compartiments de s\u00e9curit\u00e9 internes, de sangles de maintien \u00e9lastiques et d&rsquo;une doublure en coton jaune. Con\u00e7ue pour les voyages exigeants, elle comprend des poign\u00e9es de transport en cuir, une poign\u00e9e t\u00e9lescopique en aluminium, des coins en cuir de type malle et des roues rotatives \u00e0 360 degr\u00e9s.  <\/p>\n","protected":false},"featured_media":3257,"template":"","meta":{"_acf_changed":false},"product_brand":[150],"product_cat":[359,360,442],"product_tag":[],"class_list":{"0":"post-3260","1":"product","2":"type-product","3":"status-publish","4":"has-post-thumbnail","6":"product_brand-goyard","7":"product_cat-mode","8":"product_cat-sacs-et-bagages","9":"product_cat-voyages-et-week-ends","10":"pa_collection-mode","11":"pa_color-vert","13":"first","14":"instock","15":"shipping-taxable","16":"purchasable","17":"product-type-simple"},"acf":[],"aioseo_notices":[],"_links":{"self":[{"href":"https:\/\/de-middel.com\/fr\/wp-json\/wp\/v2\/product\/3260","targetHints":{"allow":["GET"]}}],"collection":[{"href":"https:\/\/de-middel.com\/fr\/wp-json\/wp\/v2\/product"}],"about":[{"href":"https:\/\/de-middel.com\/fr\/wp-json\/wp\/v2\/types\/product"}],"wp:featuredmedia":[{"embeddable":true,"href":"https:\/\/de-middel.com\/fr\/wp-json\/wp\/v2\/media\/3257"}],"wp:attachment":[{"href":"https:\/\/de-middel.com\/fr\/wp-json\/wp\/v2\/media?parent=3260"}],"wp:term":[{"taxonomy":"product_brand","embeddable":true,"href":"https:\/\/de-middel.com\/fr\/wp-json\/wp\/v2\/product_brand?post=3260"},{"taxonomy":"product_cat","embeddable":true,"href":"https:\/\/de-middel.com\/fr\/wp-json\/wp\/v2\/product_cat?post=3260"},{"taxonomy":"product_tag","embeddable":true,"href":"https:\/\/de-middel.com\/fr\/wp-json\/wp\/v2\/product_tag?post=3260"}],"curies":[{"name":"wp","href":"https:\/\/api.w.org\/{rel}","templated":true}]}}