{"id":3271,"date":"2025-12-27T13:00:01","date_gmt":"2025-12-27T13:00:01","guid":{"rendered":"https:\/\/de-middel.com\/product\/sac-a-deux-voies-be-dior-2015\/"},"modified":"2025-12-27T13:00:01","modified_gmt":"2025-12-27T13:00:01","slug":"sac-a-deux-voies-be-dior-2015","status":"publish","type":"product","link":"https:\/\/de-middel.com\/fr\/produit\/sac-a-deux-voies-be-dior-2015\/","title":{"rendered":"Sac \u00e0 deux voies \u00ab\u00a0Be Dior\u00a0\u00bb (2015)"},"content":{"rendered":"<p>Ce sac chic \u00ab\u00a0Be Dior\u00a0\u00bb \u00e0 double sens est r\u00e9alis\u00e9 en cuir de veau souple bleu poudre et dot\u00e9 d&rsquo;une poign\u00e9e sup\u00e9rieure en cuir verni orange contrastant avec le reste du sac. Le design structur\u00e9 est rehauss\u00e9 d&rsquo;une quincaillerie argent\u00e9e polie et de la breloque &lsquo;DIOR&rsquo; suspendue. Il est dot\u00e9 d&rsquo;une bandouli\u00e8re optionnelle et d&rsquo;un int\u00e9rieur organis\u00e9 en plusieurs compartiments pour pr\u00e9server sa silhouette \u00e9pur\u00e9e et architecturale.  <\/p>\n","protected":false},"excerpt":{"rendered":"<p>Ce sac chic \u00ab\u00a0Be Dior\u00a0\u00bb \u00e0 double sens est r\u00e9alis\u00e9 en cuir de veau souple bleu poudre et dot\u00e9 d&rsquo;une poign\u00e9e sup\u00e9rieure en cuir verni orange contrastant avec le reste du sac. Le design structur\u00e9 est rehauss\u00e9 d&rsquo;une quincaillerie argent\u00e9e polie et de la breloque &lsquo;DIOR&rsquo; suspendue. Il est dot\u00e9 d&rsquo;une bandouli\u00e8re optionnelle et d&rsquo;un int\u00e9rieur organis\u00e9 en plusieurs compartiments pour pr\u00e9server sa silhouette \u00e9pur\u00e9e et architecturale.  <\/p>\n","protected":false},"featured_media":1410,"template":"","meta":{"_acf_changed":false},"product_brand":[287],"product_cat":[359,361,360],"product_tag":[],"class_list":{"0":"post-3271","1":"product","2":"type-product","3":"status-publish","4":"has-post-thumbnail","6":"product_brand-dior","7":"product_cat-mode","8":"product_cat-sacs-a-main-et-cabas","9":"product_cat-sacs-et-bagages","10":"pa_color-bleu","11":"pa_color-jaune","13":"first","14":"instock","15":"shipping-taxable","16":"purchasable","17":"product-type-simple"},"acf":[],"aioseo_notices":[],"_links":{"self":[{"href":"https:\/\/de-middel.com\/fr\/wp-json\/wp\/v2\/product\/3271","targetHints":{"allow":["GET"]}}],"collection":[{"href":"https:\/\/de-middel.com\/fr\/wp-json\/wp\/v2\/product"}],"about":[{"href":"https:\/\/de-middel.com\/fr\/wp-json\/wp\/v2\/types\/product"}],"wp:featuredmedia":[{"embeddable":true,"href":"https:\/\/de-middel.com\/fr\/wp-json\/wp\/v2\/media\/1410"}],"wp:attachment":[{"href":"https:\/\/de-middel.com\/fr\/wp-json\/wp\/v2\/media?parent=3271"}],"wp:term":[{"taxonomy":"product_brand","embeddable":true,"href":"https:\/\/de-middel.com\/fr\/wp-json\/wp\/v2\/product_brand?post=3271"},{"taxonomy":"product_cat","embeddable":true,"href":"https:\/\/de-middel.com\/fr\/wp-json\/wp\/v2\/product_cat?post=3271"},{"taxonomy":"product_tag","embeddable":true,"href":"https:\/\/de-middel.com\/fr\/wp-json\/wp\/v2\/product_tag?post=3271"}],"curies":[{"name":"wp","href":"https:\/\/api.w.org\/{rel}","templated":true}]}}