{"id":3280,"date":"2025-12-27T13:21:56","date_gmt":"2025-12-27T13:21:56","guid":{"rendered":"https:\/\/de-middel.com\/product\/fourre-tout-de-voyage-beige\/"},"modified":"2025-12-27T13:21:56","modified_gmt":"2025-12-27T13:21:56","slug":"fourre-tout-de-voyage-beige","status":"publish","type":"product","link":"https:\/\/de-middel.com\/fr\/produit\/fourre-tout-de-voyage-beige\/","title":{"rendered":"Fourre-tout de voyage beige"},"content":{"rendered":"<p>Fourre-tout grand format de la ligne New Travel, r\u00e9alis\u00e9 en jacquard de nylon beige et cr\u00e8me avec un motif quadrill\u00e9 ton sur ton CC. La structure comprend deux poign\u00e9es plates en cuir, une fermeture \u00e0 glissi\u00e8re et une base de protection renforc\u00e9e. L&rsquo;int\u00e9rieur est doubl\u00e9 de textile ton sur ton et comporte deux poches de s\u00e9curit\u00e9 zipp\u00e9es.  <\/p>\n","protected":false},"excerpt":{"rendered":"<p>Fourre-tout grand format de la ligne New Travel, r\u00e9alis\u00e9 en jacquard de nylon beige et cr\u00e8me avec un motif quadrill\u00e9 ton sur ton CC. La structure comprend deux poign\u00e9es plates en cuir, une fermeture \u00e0 glissi\u00e8re et une base de protection renforc\u00e9e. L&rsquo;int\u00e9rieur est doubl\u00e9 de textile ton sur ton et comporte deux poches de s\u00e9curit\u00e9 zipp\u00e9es.  <\/p>\n","protected":false},"featured_media":1420,"template":"","meta":{"_acf_changed":false},"product_brand":[147],"product_cat":[359,361,360],"product_tag":[],"class_list":{"0":"post-3280","1":"product","2":"type-product","3":"status-publish","4":"has-post-thumbnail","6":"product_brand-chanel","7":"product_cat-mode","8":"product_cat-sacs-a-main-et-cabas","9":"product_cat-sacs-et-bagages","11":"first","12":"instock","13":"shipping-taxable","14":"purchasable","15":"product-type-simple"},"acf":[],"aioseo_notices":[],"_links":{"self":[{"href":"https:\/\/de-middel.com\/fr\/wp-json\/wp\/v2\/product\/3280","targetHints":{"allow":["GET"]}}],"collection":[{"href":"https:\/\/de-middel.com\/fr\/wp-json\/wp\/v2\/product"}],"about":[{"href":"https:\/\/de-middel.com\/fr\/wp-json\/wp\/v2\/types\/product"}],"wp:featuredmedia":[{"embeddable":true,"href":"https:\/\/de-middel.com\/fr\/wp-json\/wp\/v2\/media\/1420"}],"wp:attachment":[{"href":"https:\/\/de-middel.com\/fr\/wp-json\/wp\/v2\/media?parent=3280"}],"wp:term":[{"taxonomy":"product_brand","embeddable":true,"href":"https:\/\/de-middel.com\/fr\/wp-json\/wp\/v2\/product_brand?post=3280"},{"taxonomy":"product_cat","embeddable":true,"href":"https:\/\/de-middel.com\/fr\/wp-json\/wp\/v2\/product_cat?post=3280"},{"taxonomy":"product_tag","embeddable":true,"href":"https:\/\/de-middel.com\/fr\/wp-json\/wp\/v2\/product_tag?post=3280"}],"curies":[{"name":"wp","href":"https:\/\/api.w.org\/{rel}","templated":true}]}}