{"id":3289,"date":"2025-12-27T13:11:28","date_gmt":"2025-12-27T13:11:28","guid":{"rendered":"https:\/\/de-middel.com\/product\/grand-fourre-tout-de-voyage\/"},"modified":"2026-01-16T07:18:29","modified_gmt":"2026-01-16T07:18:29","slug":"grand-fourre-tout-de-voyage","status":"publish","type":"product","link":"https:\/\/de-middel.com\/fr\/produit\/grand-fourre-tout-de-voyage\/","title":{"rendered":"Grand fourre-tout de voyage"},"content":{"rendered":"<p>Fourre-tout \u00e0 bandouli\u00e8re grand format de la s\u00e9rie \u00ab\u00a0New Travel Line\u00a0\u00bb (circa 2002-2003). Fabriqu\u00e9 en jacquard de nylon kaki\/marron, il est orn\u00e9 d&rsquo;un motif r\u00e9p\u00e9titif de carr\u00e9s CC ton sur ton. L&rsquo;architecture comprend des boutons de base en cuir marron renforc\u00e9, des bandouli\u00e8res en cuir plat et des accessoires en argent mat. L&rsquo;int\u00e9rieur est divis\u00e9 en deux grands compartiments zipp\u00e9s.   <\/p>\n","protected":false},"excerpt":{"rendered":"<p>Fourre-tout \u00e0 bandouli\u00e8re grand format de la s\u00e9rie \u00ab\u00a0New Travel Line\u00a0\u00bb (circa 2002-2003). Fabriqu\u00e9 en jacquard de nylon kaki\/marron, il est orn\u00e9 d&rsquo;un motif r\u00e9p\u00e9titif de carr\u00e9s CC ton sur ton. L&rsquo;architecture comprend des boutons de base en cuir marron renforc\u00e9, des bandouli\u00e8res en cuir plat et des accessoires en argent mat. L&rsquo;int\u00e9rieur est divis\u00e9 en deux grands compartiments zipp\u00e9s.   <\/p>\n","protected":false},"featured_media":1412,"template":"","meta":{"_acf_changed":false},"product_brand":[147],"product_cat":[359,361,360],"product_tag":[],"class_list":{"0":"post-3289","1":"product","2":"type-product","3":"status-publish","4":"has-post-thumbnail","6":"product_brand-chanel","7":"product_cat-mode","8":"product_cat-sacs-a-main-et-cabas","9":"product_cat-sacs-et-bagages","10":"pa_color-marron","12":"first","13":"instock","14":"shipping-taxable","15":"purchasable","16":"product-type-simple"},"acf":[],"aioseo_notices":[],"_links":{"self":[{"href":"https:\/\/de-middel.com\/fr\/wp-json\/wp\/v2\/product\/3289","targetHints":{"allow":["GET"]}}],"collection":[{"href":"https:\/\/de-middel.com\/fr\/wp-json\/wp\/v2\/product"}],"about":[{"href":"https:\/\/de-middel.com\/fr\/wp-json\/wp\/v2\/types\/product"}],"wp:featuredmedia":[{"embeddable":true,"href":"https:\/\/de-middel.com\/fr\/wp-json\/wp\/v2\/media\/1412"}],"wp:attachment":[{"href":"https:\/\/de-middel.com\/fr\/wp-json\/wp\/v2\/media?parent=3289"}],"wp:term":[{"taxonomy":"product_brand","embeddable":true,"href":"https:\/\/de-middel.com\/fr\/wp-json\/wp\/v2\/product_brand?post=3289"},{"taxonomy":"product_cat","embeddable":true,"href":"https:\/\/de-middel.com\/fr\/wp-json\/wp\/v2\/product_cat?post=3289"},{"taxonomy":"product_tag","embeddable":true,"href":"https:\/\/de-middel.com\/fr\/wp-json\/wp\/v2\/product_tag?post=3289"}],"curies":[{"name":"wp","href":"https:\/\/api.w.org\/{rel}","templated":true}]}}