{"id":3296,"date":"2025-12-27T13:17:37","date_gmt":"2025-12-27T13:17:37","guid":{"rendered":"https:\/\/de-middel.com\/product\/fourre-tout-metallique-rare\/"},"modified":"2025-12-27T13:17:37","modified_gmt":"2025-12-27T13:17:37","slug":"fourre-tout-metallique-rare","status":"publish","type":"product","link":"https:\/\/de-middel.com\/fr\/produit\/fourre-tout-metallique-rare\/","title":{"rendered":"Fourre-tout m\u00e9tallique rare"},"content":{"rendered":"<p>Ce fourre-tout structur\u00e9 \u00e0 poign\u00e9e sup\u00e9rieure est fabriqu\u00e9 en cuir de veau dor\u00e9 m\u00e9tallis\u00e9 tr\u00e8s brillant. La silhouette est d\u00e9finie par des lignes nettes et rectilignes, avec deux poign\u00e9es en cuir enroul\u00e9es et un spacieux compartiment ouvert sur le dessus. L&rsquo;ext\u00e9rieur pr\u00e9sente une finition m\u00e9tallique uniforme, accentu\u00e9e par des coutures tonales discr\u00e8tes et un logo minimaliste.  <\/p>\n","protected":false},"excerpt":{"rendered":"<p>Ce fourre-tout structur\u00e9 \u00e0 poign\u00e9e sup\u00e9rieure est fabriqu\u00e9 en cuir de veau dor\u00e9 m\u00e9tallis\u00e9 tr\u00e8s brillant. La silhouette est d\u00e9finie par des lignes nettes et rectilignes, avec deux poign\u00e9es en cuir enroul\u00e9es et un spacieux compartiment ouvert sur le dessus. L&rsquo;ext\u00e9rieur pr\u00e9sente une finition m\u00e9tallique uniforme, accentu\u00e9e par des coutures tonales discr\u00e8tes et un logo minimaliste.  <\/p>\n","protected":false},"featured_media":1416,"template":"","meta":{"_acf_changed":false},"product_brand":[288],"product_cat":[359,361,360],"product_tag":[],"class_list":{"0":"post-3296","1":"product","2":"type-product","3":"status-publish","4":"has-post-thumbnail","6":"product_brand-celine","7":"product_cat-mode","8":"product_cat-sacs-a-main-et-cabas","9":"product_cat-sacs-et-bagages","10":"pa_color-blanc","11":"pa_color-marron","13":"first","14":"instock","15":"shipping-taxable","16":"purchasable","17":"product-type-simple"},"acf":[],"aioseo_notices":[],"_links":{"self":[{"href":"https:\/\/de-middel.com\/fr\/wp-json\/wp\/v2\/product\/3296","targetHints":{"allow":["GET"]}}],"collection":[{"href":"https:\/\/de-middel.com\/fr\/wp-json\/wp\/v2\/product"}],"about":[{"href":"https:\/\/de-middel.com\/fr\/wp-json\/wp\/v2\/types\/product"}],"wp:featuredmedia":[{"embeddable":true,"href":"https:\/\/de-middel.com\/fr\/wp-json\/wp\/v2\/media\/1416"}],"wp:attachment":[{"href":"https:\/\/de-middel.com\/fr\/wp-json\/wp\/v2\/media?parent=3296"}],"wp:term":[{"taxonomy":"product_brand","embeddable":true,"href":"https:\/\/de-middel.com\/fr\/wp-json\/wp\/v2\/product_brand?post=3296"},{"taxonomy":"product_cat","embeddable":true,"href":"https:\/\/de-middel.com\/fr\/wp-json\/wp\/v2\/product_cat?post=3296"},{"taxonomy":"product_tag","embeddable":true,"href":"https:\/\/de-middel.com\/fr\/wp-json\/wp\/v2\/product_tag?post=3296"}],"curies":[{"name":"wp","href":"https:\/\/api.w.org\/{rel}","templated":true}]}}