{"id":3306,"date":"2025-12-27T13:26:54","date_gmt":"2025-12-27T13:26:54","guid":{"rendered":"https:\/\/de-middel.com\/product\/stratos-70-valise\/"},"modified":"2025-12-27T13:26:54","modified_gmt":"2025-12-27T13:26:54","slug":"stratos-70-valise","status":"publish","type":"product","link":"https:\/\/de-middel.com\/fr\/produit\/stratos-70-valise\/","title":{"rendered":"STRATOS 70 VALISE"},"content":{"rendered":"<p>Valise Stratos de 70 cm en toile enduite monogramme avec garniture en cuir vachette naturel. Elle pr\u00e9sente des bords arrondis, des coins renforc\u00e9s, une double fermeture zipp\u00e9e, une doublure int\u00e9rieure lavable et des sangles pour les bagages. <\/p>\n","protected":false},"excerpt":{"rendered":"<p>Valise Stratos de 70 cm en toile enduite monogramme avec garniture en cuir vachette naturel. Elle pr\u00e9sente des bords arrondis, des coins renforc\u00e9s, une double fermeture zipp\u00e9e, une doublure int\u00e9rieure lavable et des sangles pour les bagages. <\/p>\n","protected":false},"featured_media":1424,"template":"","meta":{"_acf_changed":false},"product_brand":[289],"product_cat":[359,361,360],"product_tag":[],"class_list":{"0":"post-3306","1":"product","2":"type-product","3":"status-publish","4":"has-post-thumbnail","6":"product_brand-louis-v","7":"product_cat-mode","8":"product_cat-sacs-a-main-et-cabas","9":"product_cat-sacs-et-bagages","10":"pa_color-marron","12":"first","13":"instock","14":"shipping-taxable","15":"purchasable","16":"product-type-simple"},"acf":[],"aioseo_notices":[],"_links":{"self":[{"href":"https:\/\/de-middel.com\/fr\/wp-json\/wp\/v2\/product\/3306","targetHints":{"allow":["GET"]}}],"collection":[{"href":"https:\/\/de-middel.com\/fr\/wp-json\/wp\/v2\/product"}],"about":[{"href":"https:\/\/de-middel.com\/fr\/wp-json\/wp\/v2\/types\/product"}],"wp:featuredmedia":[{"embeddable":true,"href":"https:\/\/de-middel.com\/fr\/wp-json\/wp\/v2\/media\/1424"}],"wp:attachment":[{"href":"https:\/\/de-middel.com\/fr\/wp-json\/wp\/v2\/media?parent=3306"}],"wp:term":[{"taxonomy":"product_brand","embeddable":true,"href":"https:\/\/de-middel.com\/fr\/wp-json\/wp\/v2\/product_brand?post=3306"},{"taxonomy":"product_cat","embeddable":true,"href":"https:\/\/de-middel.com\/fr\/wp-json\/wp\/v2\/product_cat?post=3306"},{"taxonomy":"product_tag","embeddable":true,"href":"https:\/\/de-middel.com\/fr\/wp-json\/wp\/v2\/product_tag?post=3306"}],"curies":[{"name":"wp","href":"https:\/\/api.w.org\/{rel}","templated":true}]}}