{"id":3313,"date":"2025-12-27T13:30:36","date_gmt":"2025-12-27T13:30:36","guid":{"rendered":"https:\/\/de-middel.com\/product\/boucles-doreilles-perlees-des-annees-1980\/"},"modified":"2025-12-27T13:30:36","modified_gmt":"2025-12-27T13:30:36","slug":"boucles-doreilles-perlees-des-annees-1980","status":"publish","type":"product","link":"https:\/\/de-middel.com\/fr\/produit\/boucles-doreilles-perlees-des-annees-1980\/","title":{"rendered":"Boucles d&rsquo;oreilles perl\u00e9es des ann\u00e9es 1980"},"content":{"rendered":"<p>Boucles d&rsquo;oreilles circulaires \u00e0 clip avec une fausse perle centrale de couleur ivoire. Elles sont entour\u00e9es d&rsquo;une monture en m\u00e9tal dor\u00e9 avec un bord ajour\u00e9 caract\u00e9ristique utilisant le motif CC entrelac\u00e9. <\/p>\n","protected":false},"excerpt":{"rendered":"<p>Boucles d&rsquo;oreilles circulaires \u00e0 clip avec une fausse perle centrale de couleur ivoire. Elles sont entour\u00e9es d&rsquo;une monture en m\u00e9tal dor\u00e9 avec un bord ajour\u00e9 caract\u00e9ristique utilisant le motif CC entrelac\u00e9. <\/p>\n","protected":false},"featured_media":1428,"template":"","meta":{"_acf_changed":false},"product_brand":[147],"product_cat":[418,419,359],"product_tag":[],"class_list":{"0":"post-3313","1":"product","2":"type-product","3":"status-publish","4":"has-post-thumbnail","6":"product_brand-chanel","7":"product_cat-bijoux","8":"product_cat-chanel-iconics","9":"product_cat-mode","10":"pa_color-blanc","11":"pa_color-jaune","13":"first","14":"instock","15":"shipping-taxable","16":"purchasable","17":"product-type-simple"},"acf":[],"aioseo_notices":[],"_links":{"self":[{"href":"https:\/\/de-middel.com\/fr\/wp-json\/wp\/v2\/product\/3313","targetHints":{"allow":["GET"]}}],"collection":[{"href":"https:\/\/de-middel.com\/fr\/wp-json\/wp\/v2\/product"}],"about":[{"href":"https:\/\/de-middel.com\/fr\/wp-json\/wp\/v2\/types\/product"}],"wp:featuredmedia":[{"embeddable":true,"href":"https:\/\/de-middel.com\/fr\/wp-json\/wp\/v2\/media\/1428"}],"wp:attachment":[{"href":"https:\/\/de-middel.com\/fr\/wp-json\/wp\/v2\/media?parent=3313"}],"wp:term":[{"taxonomy":"product_brand","embeddable":true,"href":"https:\/\/de-middel.com\/fr\/wp-json\/wp\/v2\/product_brand?post=3313"},{"taxonomy":"product_cat","embeddable":true,"href":"https:\/\/de-middel.com\/fr\/wp-json\/wp\/v2\/product_cat?post=3313"},{"taxonomy":"product_tag","embeddable":true,"href":"https:\/\/de-middel.com\/fr\/wp-json\/wp\/v2\/product_tag?post=3313"}],"curies":[{"name":"wp","href":"https:\/\/api.w.org\/{rel}","templated":true}]}}