{"id":3321,"date":"2025-12-27T13:35:25","date_gmt":"2025-12-27T13:35:25","guid":{"rendered":"https:\/\/de-middel.com\/product\/porte-monnaie-bastia-blanc-epsom\/"},"modified":"2025-12-27T13:35:25","modified_gmt":"2025-12-27T13:35:25","slug":"porte-monnaie-bastia-blanc-epsom","status":"publish","type":"product","link":"https:\/\/de-middel.com\/fr\/produit\/porte-monnaie-bastia-blanc-epsom\/","title":{"rendered":"Porte-monnaie Bastia blanc Epsom"},"content":{"rendered":"<p>Herm\u00e8s Porte-monnaie Epsom Bastia blanc<\/p>\n<p>Porte-monnaie Bastia Herm\u00e8s en cuir d&rsquo;Epsom blanc, avec un design compact, des accessoires plaqu\u00e9s palladium et une fermeture \u00e0 glissi\u00e8re s\u00e9curis\u00e9e. Id\u00e9al pour les pi\u00e8ces de monnaie et les petits objets essentiels. Date estampill\u00e9e (M dans le carr\u00e9), 2009  <\/p>\n","protected":false},"excerpt":{"rendered":"<p>Herm\u00e8s Porte-monnaie Epsom Bastia blanc<\/p>\n<p>Porte-monnaie Bastia Herm\u00e8s en cuir d&rsquo;Epsom blanc, avec un design compact, des accessoires plaqu\u00e9s palladium et une fermeture \u00e0 glissi\u00e8re s\u00e9curis\u00e9e. Id\u00e9al pour les pi\u00e8ces de monnaie et les petits objets essentiels. Date estampill\u00e9e (M dans le carr\u00e9), 2009  <\/p>\n","protected":false},"featured_media":1431,"template":"","meta":{"_acf_changed":false},"product_brand":[144],"product_cat":[359,361,360],"product_tag":[],"class_list":{"0":"post-3321","1":"product","2":"type-product","3":"status-publish","4":"has-post-thumbnail","6":"product_brand-hermes","7":"product_cat-mode","8":"product_cat-sacs-a-main-et-cabas","9":"product_cat-sacs-et-bagages","10":"pa_color-blanc","12":"first","13":"instock","14":"shipping-taxable","15":"purchasable","16":"product-type-simple"},"acf":[],"aioseo_notices":[],"_links":{"self":[{"href":"https:\/\/de-middel.com\/fr\/wp-json\/wp\/v2\/product\/3321","targetHints":{"allow":["GET"]}}],"collection":[{"href":"https:\/\/de-middel.com\/fr\/wp-json\/wp\/v2\/product"}],"about":[{"href":"https:\/\/de-middel.com\/fr\/wp-json\/wp\/v2\/types\/product"}],"wp:featuredmedia":[{"embeddable":true,"href":"https:\/\/de-middel.com\/fr\/wp-json\/wp\/v2\/media\/1431"}],"wp:attachment":[{"href":"https:\/\/de-middel.com\/fr\/wp-json\/wp\/v2\/media?parent=3321"}],"wp:term":[{"taxonomy":"product_brand","embeddable":true,"href":"https:\/\/de-middel.com\/fr\/wp-json\/wp\/v2\/product_brand?post=3321"},{"taxonomy":"product_cat","embeddable":true,"href":"https:\/\/de-middel.com\/fr\/wp-json\/wp\/v2\/product_cat?post=3321"},{"taxonomy":"product_tag","embeddable":true,"href":"https:\/\/de-middel.com\/fr\/wp-json\/wp\/v2\/product_tag?post=3321"}],"curies":[{"name":"wp","href":"https:\/\/api.w.org\/{rel}","templated":true}]}}