{"id":3327,"date":"2025-12-27T14:54:48","date_gmt":"2025-12-27T14:54:48","guid":{"rendered":"https:\/\/de-middel.com\/product\/boucles-doreilles-baroques-a-clip\/"},"modified":"2025-12-27T14:54:48","modified_gmt":"2025-12-27T14:54:48","slug":"boucles-doreilles-baroques-a-clip","status":"publish","type":"product","link":"https:\/\/de-middel.com\/fr\/produit\/boucles-doreilles-baroques-a-clip\/","title":{"rendered":"BOUCLES D&rsquo;OREILLES BAROQUES \u00c0 CLIP"},"content":{"rendered":"<p>Paire de boucles d&rsquo;oreilles circulaires \u00e0 clip, orn\u00e9es d&rsquo;une grosse perle d&rsquo;imitation centrale de couleur ivoire. La monture est compos\u00e9e d&rsquo;un cadre textur\u00e9 en m\u00e9tal dor\u00e9 \u00ab\u00a0baroque\u00a0\u00bb avec un logo CC entrelac\u00e9 au centre de la perle. Le revers est \u00e9quip\u00e9 d&rsquo;un m\u00e9canisme de clip traditionnel et porte le cachet d&rsquo;authenticit\u00e9 ovale de la maison.  <\/p>\n","protected":false},"excerpt":{"rendered":"<p>Paire de boucles d&rsquo;oreilles circulaires \u00e0 clip, orn\u00e9es d&rsquo;une grosse perle d&rsquo;imitation centrale de couleur ivoire. La monture est compos\u00e9e d&rsquo;un cadre textur\u00e9 en m\u00e9tal dor\u00e9 \u00ab\u00a0baroque\u00a0\u00bb avec un logo CC entrelac\u00e9 au centre de la perle. Le revers est \u00e9quip\u00e9 d&rsquo;un m\u00e9canisme de clip traditionnel et porte le cachet d&rsquo;authenticit\u00e9 ovale de la maison.  <\/p>\n","protected":false},"featured_media":1437,"template":"","meta":{"_acf_changed":false},"product_brand":[147],"product_cat":[418,419,359],"product_tag":[],"class_list":{"0":"post-3327","1":"product","2":"type-product","3":"status-publish","4":"has-post-thumbnail","6":"product_brand-chanel","7":"product_cat-bijoux","8":"product_cat-chanel-iconics","9":"product_cat-mode","10":"pa_color-blanc","11":"pa_color-jaune","13":"first","14":"instock","15":"shipping-taxable","16":"purchasable","17":"product-type-simple"},"acf":[],"aioseo_notices":[],"_links":{"self":[{"href":"https:\/\/de-middel.com\/fr\/wp-json\/wp\/v2\/product\/3327","targetHints":{"allow":["GET"]}}],"collection":[{"href":"https:\/\/de-middel.com\/fr\/wp-json\/wp\/v2\/product"}],"about":[{"href":"https:\/\/de-middel.com\/fr\/wp-json\/wp\/v2\/types\/product"}],"wp:featuredmedia":[{"embeddable":true,"href":"https:\/\/de-middel.com\/fr\/wp-json\/wp\/v2\/media\/1437"}],"wp:attachment":[{"href":"https:\/\/de-middel.com\/fr\/wp-json\/wp\/v2\/media?parent=3327"}],"wp:term":[{"taxonomy":"product_brand","embeddable":true,"href":"https:\/\/de-middel.com\/fr\/wp-json\/wp\/v2\/product_brand?post=3327"},{"taxonomy":"product_cat","embeddable":true,"href":"https:\/\/de-middel.com\/fr\/wp-json\/wp\/v2\/product_cat?post=3327"},{"taxonomy":"product_tag","embeddable":true,"href":"https:\/\/de-middel.com\/fr\/wp-json\/wp\/v2\/product_tag?post=3327"}],"curies":[{"name":"wp","href":"https:\/\/api.w.org\/{rel}","templated":true}]}}