{"id":3336,"date":"2025-12-27T14:58:56","date_gmt":"2025-12-27T14:58:56","guid":{"rendered":"https:\/\/de-middel.com\/product\/robe-en-soie-noire\/"},"modified":"2025-12-27T14:58:56","modified_gmt":"2025-12-27T14:58:56","slug":"robe-en-soie-noire","status":"publish","type":"product","link":"https:\/\/de-middel.com\/fr\/produit\/robe-en-soie-noire\/","title":{"rendered":"ROBE EN SOIE NOIRE"},"content":{"rendered":"<p>Cette robe de cocktail mi-longue est confectionn\u00e9e dans un d\u00e9licat tissu de soie noire. L&rsquo;architecture est d\u00e9finie par son volume translucide et est s\u00e9curis\u00e9e par des boutons CC en r\u00e9sine et en or. \u00c9tiquet\u00e9e en taille 38, elle provient de la collection 1997 de la maison.  <\/p>\n","protected":false},"excerpt":{"rendered":"<p>Cette robe de cocktail mi-longue est confectionn\u00e9e dans un d\u00e9licat tissu de soie noire. L&rsquo;architecture est d\u00e9finie par son volume translucide et est s\u00e9curis\u00e9e par des boutons CC en r\u00e9sine et en or. \u00c9tiquet\u00e9e en taille 38, elle provient de la collection 1997 de la maison.  <\/p>\n","protected":false},"featured_media":1444,"template":"","meta":{"_acf_changed":false},"product_brand":[147],"product_cat":[416,359,469],"product_tag":[],"class_list":{"0":"post-3336","1":"product","2":"type-product","3":"status-publish","4":"has-post-thumbnail","6":"product_brand-chanel","7":"product_cat-couture-et-tenues-de-soiree","8":"product_cat-mode","9":"product_cat-robe-et-robes-formelles","10":"pa_color-noir","12":"first","13":"instock","14":"shipping-taxable","15":"purchasable","16":"product-type-simple"},"acf":[],"aioseo_notices":[],"_links":{"self":[{"href":"https:\/\/de-middel.com\/fr\/wp-json\/wp\/v2\/product\/3336","targetHints":{"allow":["GET"]}}],"collection":[{"href":"https:\/\/de-middel.com\/fr\/wp-json\/wp\/v2\/product"}],"about":[{"href":"https:\/\/de-middel.com\/fr\/wp-json\/wp\/v2\/types\/product"}],"wp:featuredmedia":[{"embeddable":true,"href":"https:\/\/de-middel.com\/fr\/wp-json\/wp\/v2\/media\/1444"}],"wp:attachment":[{"href":"https:\/\/de-middel.com\/fr\/wp-json\/wp\/v2\/media?parent=3336"}],"wp:term":[{"taxonomy":"product_brand","embeddable":true,"href":"https:\/\/de-middel.com\/fr\/wp-json\/wp\/v2\/product_brand?post=3336"},{"taxonomy":"product_cat","embeddable":true,"href":"https:\/\/de-middel.com\/fr\/wp-json\/wp\/v2\/product_cat?post=3336"},{"taxonomy":"product_tag","embeddable":true,"href":"https:\/\/de-middel.com\/fr\/wp-json\/wp\/v2\/product_tag?post=3336"}],"curies":[{"name":"wp","href":"https:\/\/api.w.org\/{rel}","templated":true}]}}