{"id":3350,"date":"2025-12-27T15:08:28","date_gmt":"2025-12-27T15:08:28","guid":{"rendered":"https:\/\/de-middel.com\/product\/chemise-rose\/"},"modified":"2025-12-27T15:08:28","modified_gmt":"2025-12-27T15:08:28","slug":"chemise-rose","status":"publish","type":"product","link":"https:\/\/de-middel.com\/fr\/produit\/chemise-rose\/","title":{"rendered":"Chemise rose"},"content":{"rendered":"<p>Cette chemise Chanel des ann\u00e9es 2000 est r\u00e9alis\u00e9e en popeline rose. Elle est orn\u00e9e d&rsquo;un empi\u00e8cement en lurex dor\u00e9 et de poignets en lurex assortis. Le v\u00eatement est agr\u00e9ment\u00e9 de boutons portant le logo Chanel sur le devant et les poignets, pour un m\u00e9lange de tailoring classique et de glamour d&rsquo;\u00e9poque.  <\/p>\n","protected":false},"excerpt":{"rendered":"<p>Cette chemise Chanel des ann\u00e9es 2000 est r\u00e9alis\u00e9e en popeline rose. Elle est orn\u00e9e d&rsquo;un empi\u00e8cement en lurex dor\u00e9 et de poignets en lurex assortis. Le v\u00eatement est agr\u00e9ment\u00e9 de boutons portant le logo Chanel sur le devant et les poignets, pour un m\u00e9lange de tailoring classique et de glamour d&rsquo;\u00e9poque.  <\/p>\n","protected":false},"featured_media":1454,"template":"","meta":{"_acf_changed":false},"product_brand":[147],"product_cat":[416,359,469],"product_tag":[],"class_list":{"0":"post-3350","1":"product","2":"type-product","3":"status-publish","4":"has-post-thumbnail","6":"product_brand-chanel","7":"product_cat-couture-et-tenues-de-soiree","8":"product_cat-mode","9":"product_cat-robe-et-robes-formelles","10":"pa_color-blanc","11":"pa_color-dore","13":"first","14":"instock","15":"shipping-taxable","16":"purchasable","17":"product-type-simple"},"acf":[],"aioseo_notices":[],"_links":{"self":[{"href":"https:\/\/de-middel.com\/fr\/wp-json\/wp\/v2\/product\/3350","targetHints":{"allow":["GET"]}}],"collection":[{"href":"https:\/\/de-middel.com\/fr\/wp-json\/wp\/v2\/product"}],"about":[{"href":"https:\/\/de-middel.com\/fr\/wp-json\/wp\/v2\/types\/product"}],"wp:featuredmedia":[{"embeddable":true,"href":"https:\/\/de-middel.com\/fr\/wp-json\/wp\/v2\/media\/1454"}],"wp:attachment":[{"href":"https:\/\/de-middel.com\/fr\/wp-json\/wp\/v2\/media?parent=3350"}],"wp:term":[{"taxonomy":"product_brand","embeddable":true,"href":"https:\/\/de-middel.com\/fr\/wp-json\/wp\/v2\/product_brand?post=3350"},{"taxonomy":"product_cat","embeddable":true,"href":"https:\/\/de-middel.com\/fr\/wp-json\/wp\/v2\/product_cat?post=3350"},{"taxonomy":"product_tag","embeddable":true,"href":"https:\/\/de-middel.com\/fr\/wp-json\/wp\/v2\/product_tag?post=3350"}],"curies":[{"name":"wp","href":"https:\/\/api.w.org\/{rel}","templated":true}]}}