{"id":3353,"date":"2025-12-27T15:04:27","date_gmt":"2025-12-27T15:04:27","guid":{"rendered":"https:\/\/de-middel.com\/product\/robe-a-dos-nu-en-crepe-noir\/"},"modified":"2025-12-27T15:04:27","modified_gmt":"2025-12-27T15:04:27","slug":"robe-a-dos-nu-en-crepe-noir","status":"publish","type":"product","link":"https:\/\/de-middel.com\/fr\/produit\/robe-a-dos-nu-en-crepe-noir\/","title":{"rendered":"Robe \u00e0 dos nu en cr\u00eape noir"},"content":{"rendered":"<p>Robe de cocktail mi-longue en cr\u00eape noir \u00e9pais. L&rsquo;architecture pr\u00e9sente un dos nu avec des d\u00e9coupes g\u00e9om\u00e9triques \u00e0 l&rsquo;encolure, une jupe \u00e0 plis invers\u00e9s pour un volume structur\u00e9, et une fermeture \u00e9clair CC signature. <\/p>\n","protected":false},"excerpt":{"rendered":"<p>Robe de cocktail mi-longue en cr\u00eape noir \u00e9pais. L&rsquo;architecture pr\u00e9sente un dos nu avec des d\u00e9coupes g\u00e9om\u00e9triques \u00e0 l&rsquo;encolure, une jupe \u00e0 plis invers\u00e9s pour un volume structur\u00e9, et une fermeture \u00e9clair CC signature. <\/p>\n","protected":false},"featured_media":1450,"template":"","meta":{"_acf_changed":false},"product_brand":[147],"product_cat":[416,359,469],"product_tag":[],"class_list":{"0":"post-3353","1":"product","2":"type-product","3":"status-publish","4":"has-post-thumbnail","6":"product_brand-chanel","7":"product_cat-couture-et-tenues-de-soiree","8":"product_cat-mode","9":"product_cat-robe-et-robes-formelles","10":"pa_color-noir","12":"first","13":"instock","14":"shipping-taxable","15":"purchasable","16":"product-type-simple"},"acf":[],"aioseo_notices":[],"_links":{"self":[{"href":"https:\/\/de-middel.com\/fr\/wp-json\/wp\/v2\/product\/3353","targetHints":{"allow":["GET"]}}],"collection":[{"href":"https:\/\/de-middel.com\/fr\/wp-json\/wp\/v2\/product"}],"about":[{"href":"https:\/\/de-middel.com\/fr\/wp-json\/wp\/v2\/types\/product"}],"wp:featuredmedia":[{"embeddable":true,"href":"https:\/\/de-middel.com\/fr\/wp-json\/wp\/v2\/media\/1450"}],"wp:attachment":[{"href":"https:\/\/de-middel.com\/fr\/wp-json\/wp\/v2\/media?parent=3353"}],"wp:term":[{"taxonomy":"product_brand","embeddable":true,"href":"https:\/\/de-middel.com\/fr\/wp-json\/wp\/v2\/product_brand?post=3353"},{"taxonomy":"product_cat","embeddable":true,"href":"https:\/\/de-middel.com\/fr\/wp-json\/wp\/v2\/product_cat?post=3353"},{"taxonomy":"product_tag","embeddable":true,"href":"https:\/\/de-middel.com\/fr\/wp-json\/wp\/v2\/product_tag?post=3353"}],"curies":[{"name":"wp","href":"https:\/\/api.w.org\/{rel}","templated":true}]}}