{"id":3362,"date":"2025-12-27T15:14:34","date_gmt":"2025-12-27T15:14:34","guid":{"rendered":"https:\/\/de-middel.com\/product\/sac-cabas-bandouliere-travel-line\/"},"modified":"2025-12-27T15:14:34","modified_gmt":"2025-12-27T15:14:34","slug":"sac-cabas-bandouliere-travel-line","status":"publish","type":"product","link":"https:\/\/de-middel.com\/fr\/produit\/sac-cabas-bandouliere-travel-line\/","title":{"rendered":"Sac cabas bandouli\u00e8re Travel Line<br><br> <br> <br>"},"content":{"rendered":"<p>Sac cabas port\u00e9 \u00e9paule Chanel Travel Line de 2003-2004, en toile jacquard blanche \u00e0 logo CC. Finitions et anses en cuir rose, rehauss\u00e9es de d\u00e9tails m\u00e9talliques dor\u00e9s mats. Ce mod\u00e8le fonctionnel illustre l&rsquo;importance accord\u00e9e par Chanel, au d\u00e9but des ann\u00e9es 2000, aux essentiels de voyage haut de gamme, offrant un int\u00e9rieur spacieux et une grande robustesse.<\/p>\n","protected":false},"excerpt":{"rendered":"<p>Sac cabas port\u00e9 \u00e9paule Chanel Travel Line de 2003-2004, en toile jacquard blanche \u00e0 logo CC. Finitions et anses en cuir rose, rehauss\u00e9es de d\u00e9tails m\u00e9talliques dor\u00e9s mats. Ce mod\u00e8le fonctionnel illustre l&rsquo;importance accord\u00e9e par Chanel, au d\u00e9but des ann\u00e9es 2000, aux essentiels de voyage haut de gamme, offrant un int\u00e9rieur spacieux et une grande robustesse.<\/p>\n","protected":false},"featured_media":1458,"template":"","meta":{"_acf_changed":false},"product_brand":[147],"product_cat":[359,361,360],"product_tag":[],"class_list":{"0":"post-3362","1":"product","2":"type-product","3":"status-publish","4":"has-post-thumbnail","6":"product_brand-chanel","7":"product_cat-mode","8":"product_cat-sacs-a-main-et-cabas","9":"product_cat-sacs-et-bagages","10":"pa_color-rose","12":"first","13":"instock","14":"shipping-taxable","15":"purchasable","16":"product-type-simple"},"acf":[],"aioseo_notices":[],"_links":{"self":[{"href":"https:\/\/de-middel.com\/fr\/wp-json\/wp\/v2\/product\/3362","targetHints":{"allow":["GET"]}}],"collection":[{"href":"https:\/\/de-middel.com\/fr\/wp-json\/wp\/v2\/product"}],"about":[{"href":"https:\/\/de-middel.com\/fr\/wp-json\/wp\/v2\/types\/product"}],"wp:featuredmedia":[{"embeddable":true,"href":"https:\/\/de-middel.com\/fr\/wp-json\/wp\/v2\/media\/1458"}],"wp:attachment":[{"href":"https:\/\/de-middel.com\/fr\/wp-json\/wp\/v2\/media?parent=3362"}],"wp:term":[{"taxonomy":"product_brand","embeddable":true,"href":"https:\/\/de-middel.com\/fr\/wp-json\/wp\/v2\/product_brand?post=3362"},{"taxonomy":"product_cat","embeddable":true,"href":"https:\/\/de-middel.com\/fr\/wp-json\/wp\/v2\/product_cat?post=3362"},{"taxonomy":"product_tag","embeddable":true,"href":"https:\/\/de-middel.com\/fr\/wp-json\/wp\/v2\/product_tag?post=3362"}],"curies":[{"name":"wp","href":"https:\/\/api.w.org\/{rel}","templated":true}]}}