{"id":3372,"date":"2025-12-27T18:48:11","date_gmt":"2025-12-27T18:48:11","guid":{"rendered":"https:\/\/de-middel.com\/product\/air-jordan-4-retro-off-noir\/"},"modified":"2025-12-27T18:48:11","modified_gmt":"2025-12-27T18:48:11","slug":"air-jordan-4-retro-off-noir","status":"publish","type":"product","link":"https:\/\/de-middel.com\/fr\/produit\/air-jordan-4-retro-off-noir\/","title":{"rendered":"Air Jordan 4 Retro &lsquo;Off Noir&rsquo;"},"content":{"rendered":"<p>Une sneaker de collection tr\u00e8s convoit\u00e9e : la Nike Air Jordan 4 Retro dans le coloris \u00ab\u00a0Off Noir\u00a0\u00bb, fruit de la collaboration acclam\u00e9e avec le designer UNION, bas\u00e9 \u00e0 Los Angeles. La chaussure pr\u00e9sente des mat\u00e9riaux uniques et des modifications de design, ce qui en fait une pi\u00e8ce ma\u00eetresse de la culture contemporaine des baskets. <\/p>\n","protected":false},"excerpt":{"rendered":"<p>Une sneaker de collection tr\u00e8s convoit\u00e9e : la Nike Air Jordan 4 Retro dans le coloris \u00ab\u00a0Off Noir\u00a0\u00bb, fruit de la collaboration acclam\u00e9e avec le designer UNION, bas\u00e9 \u00e0 Los Angeles. La chaussure pr\u00e9sente des mat\u00e9riaux uniques et des modifications de design, ce qui en fait une pi\u00e8ce ma\u00eetresse de la culture contemporaine des baskets. <\/p>\n","protected":false},"featured_media":1536,"template":"","meta":{"_acf_changed":false},"product_brand":[297],"product_cat":[454,359,497,496],"product_tag":[],"class_list":{"0":"post-3372","1":"product","2":"type-product","3":"status-publish","4":"has-post-thumbnail","6":"product_brand-nike","7":"product_cat-chaussures","8":"product_cat-mode","9":"product_cat-chaussures-pour-hommes","10":"product_cat-eu-40-uk-6-us-9-and-above","11":"pa_color-blanc","12":"pa_color-bleu","13":"pa_color-noir","14":"pa_color-rouge","16":"first","17":"instock","18":"shipping-taxable","19":"purchasable","20":"product-type-simple"},"acf":[],"aioseo_notices":[],"_links":{"self":[{"href":"https:\/\/de-middel.com\/fr\/wp-json\/wp\/v2\/product\/3372","targetHints":{"allow":["GET"]}}],"collection":[{"href":"https:\/\/de-middel.com\/fr\/wp-json\/wp\/v2\/product"}],"about":[{"href":"https:\/\/de-middel.com\/fr\/wp-json\/wp\/v2\/types\/product"}],"wp:featuredmedia":[{"embeddable":true,"href":"https:\/\/de-middel.com\/fr\/wp-json\/wp\/v2\/media\/1536"}],"wp:attachment":[{"href":"https:\/\/de-middel.com\/fr\/wp-json\/wp\/v2\/media?parent=3372"}],"wp:term":[{"taxonomy":"product_brand","embeddable":true,"href":"https:\/\/de-middel.com\/fr\/wp-json\/wp\/v2\/product_brand?post=3372"},{"taxonomy":"product_cat","embeddable":true,"href":"https:\/\/de-middel.com\/fr\/wp-json\/wp\/v2\/product_cat?post=3372"},{"taxonomy":"product_tag","embeddable":true,"href":"https:\/\/de-middel.com\/fr\/wp-json\/wp\/v2\/product_tag?post=3372"}],"curies":[{"name":"wp","href":"https:\/\/api.w.org\/{rel}","templated":true}]}}