{"id":3374,"date":"2025-12-27T19:11:36","date_gmt":"2025-12-27T19:11:36","guid":{"rendered":"https:\/\/de-middel.com\/product\/le-sculpteur-de-buis-epreuve-gelatino-argentique-depoque\/"},"modified":"2025-12-27T19:11:36","modified_gmt":"2025-12-27T19:11:36","slug":"le-sculpteur-de-buis-epreuve-gelatino-argentique-depoque","status":"publish","type":"product","link":"https:\/\/de-middel.com\/fr\/produit\/le-sculpteur-de-buis-epreuve-gelatino-argentique-depoque\/","title":{"rendered":"Le sculpteur de buis, \u00c9preuve g\u00e9latino-argentique d&rsquo;\u00e9poque"},"content":{"rendered":"<p>Ce tirage g\u00e9latino-argentique vintage, mesurant 18,2 x 24,5 cm, pr\u00e9sente une composition serr\u00e9e centr\u00e9e sur les mains d&rsquo;un travailleur du bois. L&rsquo;\u0153uvre utilise une faible profondeur de champ pour mettre en valeur la texture du buis et la pr\u00e9cision de l&rsquo;outil de sculpture. Le verso de la photographie porte le cachet de collection authentique de Robert Giraud, figure centrale de la sc\u00e8ne litt\u00e9raire et artistique parisienne de l&rsquo;apr\u00e8s-guerre.  <\/p>\n","protected":false},"excerpt":{"rendered":"<p>Ce tirage g\u00e9latino-argentique vintage, mesurant 18,2 x 24,5 cm, pr\u00e9sente une composition serr\u00e9e centr\u00e9e sur les mains d&rsquo;un travailleur du bois. L&rsquo;\u0153uvre utilise une faible profondeur de champ pour mettre en valeur la texture du buis et la pr\u00e9cision de l&rsquo;outil de sculpture. Le verso de la photographie porte le cachet de collection authentique de Robert Giraud, figure centrale de la sc\u00e8ne litt\u00e9raire et artistique parisienne de l&rsquo;apr\u00e8s-guerre.  <\/p>\n","protected":false},"featured_media":3373,"template":"","meta":{"_acf_changed":false},"product_brand":[301],"product_cat":[370,507,511],"product_tag":[],"class_list":{"0":"post-3374","1":"product","2":"type-product","3":"status-publish","4":"has-post-thumbnail","6":"product_brand-robert-doisneau","7":"product_cat-beaux-arts","8":"product_cat-photographie","9":"product_cat-photographies-vintage","10":"pa_color-gray","11":"pa_color-noir","13":"first","14":"instock","15":"shipping-taxable","16":"purchasable","17":"product-type-simple"},"acf":[],"aioseo_notices":[],"_links":{"self":[{"href":"https:\/\/de-middel.com\/fr\/wp-json\/wp\/v2\/product\/3374","targetHints":{"allow":["GET"]}}],"collection":[{"href":"https:\/\/de-middel.com\/fr\/wp-json\/wp\/v2\/product"}],"about":[{"href":"https:\/\/de-middel.com\/fr\/wp-json\/wp\/v2\/types\/product"}],"wp:featuredmedia":[{"embeddable":true,"href":"https:\/\/de-middel.com\/fr\/wp-json\/wp\/v2\/media\/3373"}],"wp:attachment":[{"href":"https:\/\/de-middel.com\/fr\/wp-json\/wp\/v2\/media?parent=3374"}],"wp:term":[{"taxonomy":"product_brand","embeddable":true,"href":"https:\/\/de-middel.com\/fr\/wp-json\/wp\/v2\/product_brand?post=3374"},{"taxonomy":"product_cat","embeddable":true,"href":"https:\/\/de-middel.com\/fr\/wp-json\/wp\/v2\/product_cat?post=3374"},{"taxonomy":"product_tag","embeddable":true,"href":"https:\/\/de-middel.com\/fr\/wp-json\/wp\/v2\/product_tag?post=3374"}],"curies":[{"name":"wp","href":"https:\/\/api.w.org\/{rel}","templated":true}]}}