{"id":3379,"date":"2025-12-27T19:20:20","date_gmt":"2025-12-27T19:20:20","guid":{"rendered":"https:\/\/de-middel.com\/product\/le-plateau-de-service-original-en-metal-worcester-ware\/"},"modified":"2025-12-27T19:20:20","modified_gmt":"2025-12-27T19:20:20","slug":"le-plateau-de-service-original-en-metal-worcester-ware","status":"publish","type":"product","link":"https:\/\/de-middel.com\/fr\/produit\/le-plateau-de-service-original-en-metal-worcester-ware\/","title":{"rendered":"Le plateau de service original en m\u00e9tal Worcester Ware.<br><br> <br> <br>"},"content":{"rendered":"<p>Un plateau m\u00e9tallique original et de grande collection \u00e0 l&rsquo;effigie des Beatles, fabriqu\u00e9 par Worcester Ware (autocollant au verso) en 1963. Le plateau est d\u00e9cor\u00e9 de portraits en couleur des \u00ab\u00a0Fab Four\u00a0\u00bb, imprim\u00e9s par transfert, ainsi que de leurs signatures en fac-simil\u00e9, capturant ainsi l&rsquo;essence de la \u00ab\u00a0Beatlemania\u00a0\u00bb des d\u00e9buts. <\/p>\n","protected":false},"excerpt":{"rendered":"<p>Un plateau m\u00e9tallique original et de grande collection \u00e0 l&rsquo;effigie des Beatles, fabriqu\u00e9 par Worcester Ware (autocollant au verso) en 1963. Le plateau est d\u00e9cor\u00e9 de portraits en couleur des \u00ab\u00a0Fab Four\u00a0\u00bb, imprim\u00e9s par transfert, ainsi que de leurs signatures en fac-simil\u00e9, capturant ainsi l&rsquo;essence de la \u00ab\u00a0Beatlemania\u00a0\u00bb des d\u00e9buts. <\/p>\n","protected":false},"featured_media":1555,"template":"","meta":{"_acf_changed":false},"product_brand":[302],"product_cat":[381,339,343,384,597],"product_tag":[],"class_list":{"0":"post-3379","1":"product","2":"type-product","3":"status-publish","4":"has-post-thumbnail","6":"product_brand-the-beatles","7":"product_cat-art-de-la-table","8":"product_cat-interieur","9":"product_cat-objets-dart","10":"product_cat-verre-et-cristal","11":"product_cat-curiosites-et-installations","12":"pa_color-blanc","13":"pa_color-bleu","14":"pa_color-rouge","16":"first","17":"instock","18":"shipping-taxable","19":"purchasable","20":"product-type-simple"},"acf":[],"aioseo_notices":[],"_links":{"self":[{"href":"https:\/\/de-middel.com\/fr\/wp-json\/wp\/v2\/product\/3379","targetHints":{"allow":["GET"]}}],"collection":[{"href":"https:\/\/de-middel.com\/fr\/wp-json\/wp\/v2\/product"}],"about":[{"href":"https:\/\/de-middel.com\/fr\/wp-json\/wp\/v2\/types\/product"}],"wp:featuredmedia":[{"embeddable":true,"href":"https:\/\/de-middel.com\/fr\/wp-json\/wp\/v2\/media\/1555"}],"wp:attachment":[{"href":"https:\/\/de-middel.com\/fr\/wp-json\/wp\/v2\/media?parent=3379"}],"wp:term":[{"taxonomy":"product_brand","embeddable":true,"href":"https:\/\/de-middel.com\/fr\/wp-json\/wp\/v2\/product_brand?post=3379"},{"taxonomy":"product_cat","embeddable":true,"href":"https:\/\/de-middel.com\/fr\/wp-json\/wp\/v2\/product_cat?post=3379"},{"taxonomy":"product_tag","embeddable":true,"href":"https:\/\/de-middel.com\/fr\/wp-json\/wp\/v2\/product_tag?post=3379"}],"curies":[{"name":"wp","href":"https:\/\/api.w.org\/{rel}","templated":true}]}}