{"id":3384,"date":"2025-12-27T19:29:45","date_gmt":"2025-12-27T19:29:45","guid":{"rendered":"https:\/\/de-middel.com\/product\/ensemble-de-salon-complet-rare\/"},"modified":"2025-12-27T19:29:45","modified_gmt":"2025-12-27T19:29:45","slug":"ensemble-de-salon-complet-rare","status":"publish","type":"product","link":"https:\/\/de-middel.com\/fr\/produit\/ensemble-de-salon-complet-rare\/","title":{"rendered":"Ensemble de salon complet rare"},"content":{"rendered":"<p>Ensemble complet de salon extr\u00eamement rare et significatif sur le plan historique, con\u00e7u par le ma\u00eetre Gio Ponti pour le magazine de r\u00e9f\u00e9rence Casa e Giardino.<\/p>\n<p>L&rsquo;ensemble est rev\u00eatu de son velours rouge original et vibrant et comprend :<\/p>\n<p>. Un canap\u00e9 \u00e0 deux places<\/p>\n<p>. Deux fauteuils<\/p>\n<p>. Deux repose-pieds<\/p>\n<p>. Une chaise d&rsquo;appoint<\/p>\n<p>Il s&rsquo;agit d&rsquo;une installation compl\u00e8te et intacte r\u00e9alis\u00e9e par l&rsquo;un des designers les plus influents du XXe si\u00e8cle.<\/p>\n","protected":false},"excerpt":{"rendered":"<p>Ensemble complet de salon extr\u00eamement rare et significatif sur le plan historique, con\u00e7u par le ma\u00eetre Gio Ponti pour le magazine de r\u00e9f\u00e9rence Casa e Giardino.<\/p>\n<p>L&rsquo;ensemble est rev\u00eatu de son velours rouge original et vibrant et comprend :<\/p>\n<p>. Un canap\u00e9 \u00e0 deux places<\/p>\n<p>. Deux fauteuils<\/p>\n<p>. Deux repose-pieds<\/p>\n<p>. Une chaise d&rsquo;appoint<\/p>\n<p>Il s&rsquo;agit d&rsquo;une installation compl\u00e8te et intacte r\u00e9alis\u00e9e par l&rsquo;un des designers les plus influents du XXe si\u00e8cle.<\/p>\n","protected":false},"featured_media":1557,"template":"","meta":{"_acf_changed":false},"product_brand":[304],"product_cat":[403,339,345,604],"product_tag":[],"class_list":{"0":"post-3384","1":"product","2":"type-product","3":"status-publish","4":"has-post-thumbnail","6":"product_brand-gio-ponti","7":"product_cat-canapes-et-diables","8":"product_cat-interieur","9":"product_cat-sieges","10":"product_cat-design-contemporain","11":"pa_color-rouge","13":"first","14":"instock","15":"shipping-taxable","16":"purchasable","17":"product-type-simple"},"acf":[],"aioseo_notices":[],"_links":{"self":[{"href":"https:\/\/de-middel.com\/fr\/wp-json\/wp\/v2\/product\/3384","targetHints":{"allow":["GET"]}}],"collection":[{"href":"https:\/\/de-middel.com\/fr\/wp-json\/wp\/v2\/product"}],"about":[{"href":"https:\/\/de-middel.com\/fr\/wp-json\/wp\/v2\/types\/product"}],"wp:featuredmedia":[{"embeddable":true,"href":"https:\/\/de-middel.com\/fr\/wp-json\/wp\/v2\/media\/1557"}],"wp:attachment":[{"href":"https:\/\/de-middel.com\/fr\/wp-json\/wp\/v2\/media?parent=3384"}],"wp:term":[{"taxonomy":"product_brand","embeddable":true,"href":"https:\/\/de-middel.com\/fr\/wp-json\/wp\/v2\/product_brand?post=3384"},{"taxonomy":"product_cat","embeddable":true,"href":"https:\/\/de-middel.com\/fr\/wp-json\/wp\/v2\/product_cat?post=3384"},{"taxonomy":"product_tag","embeddable":true,"href":"https:\/\/de-middel.com\/fr\/wp-json\/wp\/v2\/product_tag?post=3384"}],"curies":[{"name":"wp","href":"https:\/\/api.w.org\/{rel}","templated":true}]}}