{"id":3388,"date":"2026-01-04T13:05:55","date_gmt":"2026-01-04T13:05:55","guid":{"rendered":"https:\/\/de-middel.com\/product\/affiche-dexposition-signee-a-la-main\/"},"modified":"2026-01-04T13:05:55","modified_gmt":"2026-01-04T13:05:55","slug":"affiche-dexposition-signee-a-la-main","status":"publish","type":"product","link":"https:\/\/de-middel.com\/fr\/produit\/affiche-dexposition-signee-a-la-main\/","title":{"rendered":"Affiche d&rsquo;exposition sign\u00e9e \u00e0 la main<br><br> <br> <br>"},"content":{"rendered":"<p>Affiche originale de l&rsquo;exposition \u00ab Modern Masters \u00bb \u00e0 la Tate Gallery, sign\u00e9e \u00e0 la main par Francis Bacon \u00e0 l&rsquo;encre noire. L&rsquo;\u0153uvre pr\u00e9sente le style figuratif d\u00e9form\u00e9 caract\u00e9ristique de Bacon, une marque de fabrique de son exploration de la condition humaine. Bien que l&rsquo;affiche ait \u00e9t\u00e9 produite par Tate Publications, la signature de l&rsquo;artiste la rend particuli\u00e8rement rare, Bacon signant rarement des documents en dehors de ses \u00e9ditions officielles. Un t\u00e9moignage essentiel de l&rsquo;histoire institutionnelle du XXe si\u00e8cle et de la provenance artistique personnelle.<\/p>\n","protected":false},"excerpt":{"rendered":"<p>Affiche originale de l&rsquo;exposition \u00ab Modern Masters \u00bb \u00e0 la Tate Gallery, sign\u00e9e \u00e0 la main par Francis Bacon \u00e0 l&rsquo;encre noire. L&rsquo;\u0153uvre pr\u00e9sente le style figuratif d\u00e9form\u00e9 caract\u00e9ristique de Bacon, une marque de fabrique de son exploration de la condition humaine. Bien que l&rsquo;affiche ait \u00e9t\u00e9 produite par Tate Publications, la signature de l&rsquo;artiste la rend particuli\u00e8rement rare, Bacon signant rarement des documents en dehors de ses \u00e9ditions officielles. Un t\u00e9moignage essentiel de l&rsquo;histoire institutionnelle du XXe si\u00e8cle et de la provenance artistique personnelle.<\/p>\n","protected":false},"featured_media":2203,"template":"","meta":{"_acf_changed":false},"product_brand":[310],"product_cat":[523],"product_tag":[],"class_list":{"0":"post-3388","1":"product","2":"type-product","3":"status-publish","4":"has-post-thumbnail","6":"product_brand-francis-bacon","7":"product_cat-signed","9":"first","10":"instock","11":"shipping-taxable","12":"purchasable","13":"product-type-simple"},"acf":[],"aioseo_notices":[],"_links":{"self":[{"href":"https:\/\/de-middel.com\/fr\/wp-json\/wp\/v2\/product\/3388","targetHints":{"allow":["GET"]}}],"collection":[{"href":"https:\/\/de-middel.com\/fr\/wp-json\/wp\/v2\/product"}],"about":[{"href":"https:\/\/de-middel.com\/fr\/wp-json\/wp\/v2\/types\/product"}],"wp:featuredmedia":[{"embeddable":true,"href":"https:\/\/de-middel.com\/fr\/wp-json\/wp\/v2\/media\/2203"}],"wp:attachment":[{"href":"https:\/\/de-middel.com\/fr\/wp-json\/wp\/v2\/media?parent=3388"}],"wp:term":[{"taxonomy":"product_brand","embeddable":true,"href":"https:\/\/de-middel.com\/fr\/wp-json\/wp\/v2\/product_brand?post=3388"},{"taxonomy":"product_cat","embeddable":true,"href":"https:\/\/de-middel.com\/fr\/wp-json\/wp\/v2\/product_cat?post=3388"},{"taxonomy":"product_tag","embeddable":true,"href":"https:\/\/de-middel.com\/fr\/wp-json\/wp\/v2\/product_tag?post=3388"}],"curies":[{"name":"wp","href":"https:\/\/api.w.org\/{rel}","templated":true}]}}