{"id":3757,"date":"2026-01-19T22:53:44","date_gmt":"2026-01-19T22:53:44","guid":{"rendered":"https:\/\/de-middel.com\/product\/collier-damethyste-de-style-edouardien\/"},"modified":"2026-01-19T23:07:35","modified_gmt":"2026-01-19T23:07:35","slug":"collier-damethyste-de-style-edouardien","status":"publish","type":"product","link":"https:\/\/de-middel.com\/fr\/produit\/collier-damethyste-de-style-edouardien\/","title":{"rendered":"Collier d&rsquo;am\u00e9thyste de style \u00e9douardien"},"content":{"rendered":"<p>Un \u00e9l\u00e9gant collier du d\u00e9but du XXe si\u00e8cle, orn\u00e9 d&rsquo;am\u00e9thystes facett\u00e9es de taille d\u00e9grad\u00e9e, serties dans du m\u00e9tal dor\u00e9. La pierre centrale mesure environ 13,39 mm x 9,25 mm et se d\u00e9tache sur un d\u00e9grad\u00e9 chatoyant de nuances violettes. D&rsquo;une longueur de 39 cm, ce bijou a conserv\u00e9 son poids et son caract\u00e8re d&rsquo;origine et est pr\u00e9sent\u00e9 dans un \u00e9crin vintage du c\u00e9l\u00e8bre joaillier londonien W. R. Bullen.<\/p>\n","protected":false},"excerpt":{"rendered":"<p>Un \u00e9l\u00e9gant collier du d\u00e9but du XXe si\u00e8cle, orn\u00e9 d&rsquo;am\u00e9thystes facett\u00e9es de taille d\u00e9grad\u00e9e, serties dans du m\u00e9tal dor\u00e9. La pierre centrale mesure environ 13,39 mm x 9,25 mm et se d\u00e9tache sur un d\u00e9grad\u00e9 chatoyant de nuances violettes. D&rsquo;une longueur de 39 cm, ce bijou a conserv\u00e9 son poids et son caract\u00e8re d&rsquo;origine et est pr\u00e9sent\u00e9 dans un \u00e9crin vintage du c\u00e9l\u00e8bre joaillier londonien W. R. Bullen.<\/p>\n","protected":false},"featured_media":3751,"template":"","meta":{"_acf_changed":false},"product_brand":[612],"product_cat":[418,359,614],"product_tag":[],"class_list":{"0":"post-3757","1":"product","2":"type-product","3":"status-publish","4":"has-post-thumbnail","6":"product_brand-w-r-bullen","7":"product_cat-bijoux","8":"product_cat-mode","9":"product_cat-necklace","10":"pa_color-pourpre","12":"first","13":"instock","14":"shipping-taxable","15":"purchasable","16":"product-type-simple"},"acf":[],"aioseo_notices":[],"_links":{"self":[{"href":"https:\/\/de-middel.com\/fr\/wp-json\/wp\/v2\/product\/3757","targetHints":{"allow":["GET"]}}],"collection":[{"href":"https:\/\/de-middel.com\/fr\/wp-json\/wp\/v2\/product"}],"about":[{"href":"https:\/\/de-middel.com\/fr\/wp-json\/wp\/v2\/types\/product"}],"wp:featuredmedia":[{"embeddable":true,"href":"https:\/\/de-middel.com\/fr\/wp-json\/wp\/v2\/media\/3751"}],"wp:attachment":[{"href":"https:\/\/de-middel.com\/fr\/wp-json\/wp\/v2\/media?parent=3757"}],"wp:term":[{"taxonomy":"product_brand","embeddable":true,"href":"https:\/\/de-middel.com\/fr\/wp-json\/wp\/v2\/product_brand?post=3757"},{"taxonomy":"product_cat","embeddable":true,"href":"https:\/\/de-middel.com\/fr\/wp-json\/wp\/v2\/product_cat?post=3757"},{"taxonomy":"product_tag","embeddable":true,"href":"https:\/\/de-middel.com\/fr\/wp-json\/wp\/v2\/product_tag?post=3757"}],"curies":[{"name":"wp","href":"https:\/\/api.w.org\/{rel}","templated":true}]}}